{"id":3735,"date":"2021-06-29T07:32:05","date_gmt":"2021-06-29T00:32:05","guid":{"rendered":"https:\/\/marico.com.vn\/?page_id=3735"},"modified":"2022-07-14T10:27:12","modified_gmt":"2022-07-14T03:27:12","slug":"privacy-policy","status":"publish","type":"page","link":"https:\/\/marico.com.vn\/en\/privacy-policy\/","title":{"rendered":"Privacy Policy"},"content":{"rendered":"\r\n<p><a href=\"https:\/\/marico.com.vn\/\" target=\"_blank\" rel=\"noopener\"><span style=\"color: #0000ff;\">marico.com.vn<\/span><\/a> <strong>cam k\u1ebft s\u1ebd b\u1ea3o m\u1eadt nh\u1eefng th\u00f4ng tin mang t\u00ednh ri\u00eang t\u01b0 c\u1ee7a kh\u00e1ch h\u00e0ng. Qu\u00fd kh\u00e1ch vui l\u00f2ng \u0111\u1ecdc b\u1ea3n \u201cCh\u00ednh s\u00e1ch b\u1ea3o m\u1eadt\u201d d\u01b0\u1edbi \u0111\u00e2y \u0111\u1ec3 hi\u1ec3u h\u01a1n nh\u1eefng cam k\u1ebft m\u00e0 ch\u00fang t\u00f4i th\u1ef1c hi\u1ec7n, nh\u1eb1m t\u00f4n tr\u1ecdng v\u00e0 b\u1ea3o v\u1ec7 quy\u1ec1n l\u1ee3i c\u1ee7a ng\u01b0\u1eddi truy c\u1eadp:<\/strong><\/p>\r\n<p><strong>1. Thu th\u1eadp th\u00f4ng tin c\u00e1 nh\u00e2n:<\/strong> &#8211; C\u00e1c th\u00f4ng tin thu th\u1eadp th\u00f4ng qua website <span style=\"color: #0000ff;\"><a style=\"color: #0000ff;\" href=\"https:\/\/marico.com.vn\/\">marico.com.vn<\/a><\/span> s\u1ebd gi\u00fap ch\u00fang t\u00f4i: o\u00a0\u00a0\u00a0\u00a0H\u1ed7 tr\u1ee3 kh\u00e1ch h\u00e0ng khi mua s\u1ea3n ph\u1ea9m. o\u00a0\u00a0\u00a0\u00a0Gi\u1ea3i \u0111\u00e1p th\u1eafc m\u1eafc kh\u00e1ch h\u00e0ng. o\u00a0\u00a0\u00a0\u00a0Cung c\u1ea5p cho b\u1ea1n th\u00f4ng tin m\u1edbi nh\u1ea5t tr\u00ean Website c\u1ee7a ch\u00fang t\u00f4i. o\u00a0\u00a0\u00a0\u00a0Xem x\u00e9t v\u00e0 n\u00e2ng c\u1ea5p n\u1ed9i dung v\u00e0 giao di\u1ec7n c\u1ee7a Website. o\u00a0\u00a0\u00a0\u00a0Th\u1ef1c hi\u1ec7n c\u00e1c ho\u1ea1t \u0111\u1ed9ng qu\u1ea3ng b\u00e1 li\u00ean quan \u0111\u1ebfn c\u00e1c s\u1ea3n ph\u1ea9m v\u00e0 d\u1ecbch v\u1ee5 c\u1ee7a T\u1eadp \u0111o\u00e0n Hoa Sen &#8211; \u0110\u1ec3 truy c\u1eadp v\u00e0 s\u1eed d\u1ee5ng m\u1ed9t s\u1ed1 d\u1ecbch v\u1ee5 t\u1ea1i <a href=\"https:\/\/marico.com.vn\/\"><span style=\"color: #0000ff;\">marico.com.vn<\/span><\/a> , qu\u00fd kh\u00e1ch c\u00f3 th\u1ec3 s\u1ebd \u0111\u01b0\u1ee3c y\u00eau c\u1ea7u \u0111\u0103ng k\u00fd v\u1edbi ch\u00fang t\u00f4i th\u00f4ng tin c\u00e1 nh\u00e2n (Email, H\u1ecd t\u00ean, S\u1ed1 \u0110T li\u00ean l\u1ea1c\u2026). M\u1ecdi th\u00f4ng tin khai b\u00e1o ph\u1ea3i \u0111\u1ea3m b\u1ea3o t\u00ednh ch\u00ednh x\u00e1c v\u00e0 h\u1ee3p ph\u00e1p. kh\u00f4ng ch\u1ecbu m\u1ecdi tr\u00e1ch nhi\u1ec7m li\u00ean quan \u0111\u1ebfn ph\u00e1p lu\u1eadt c\u1ee7a th\u00f4ng tin khai b\u00e1o. &#8211; Ch\u00fang t\u00f4i c\u0169ng c\u00f3 th\u1ec3 thu th\u1eadp th\u00f4ng tin v\u1ec1 s\u1ed1 l\u1ea7n vi\u1ebfng th\u0103m, bao g\u1ed3m s\u1ed1 trang qu\u00fd kh\u00e1ch xem, s\u1ed1 links (li\u00ean k\u1ebft) b\u1ea1n click v\u00e0 nh\u1eefng th\u00f4ng tin kh\u00e1c li\u00ean quan \u0111\u1ebfn vi\u1ec7c k\u1ebft n\u1ed1i \u0111\u1ebfn <span style=\"color: #0000ff;\"><a style=\"color: #0000ff;\" href=\"https:\/\/marico.com.vn\/\">marico.com.vn<\/a><\/span>. Ch\u00fang t\u00f4i c\u0169ng thu th\u1eadp c\u00e1c th\u00f4ng tin m\u00e0 tr\u00ecnh duy\u1ec7t Web (Browser) qu\u00fd kh\u00e1ch s\u1eed d\u1ee5ng m\u1ed7i khi truy c\u1eadp v\u00e0o website <span style=\"color: #0000ff;\"><a style=\"color: #0000ff;\" href=\"https:\/\/marico.com.vn\/\">marico.com.vn<\/a><\/span>\u00a0, bao g\u1ed3m: \u0111\u1ecba ch\u1ec9 IP, lo\u1ea1i Browser, ng\u00f4n ng\u1eef s\u1eed d\u1ee5ng, th\u1eddi gian v\u00e0 nh\u1eefng \u0111\u1ecba ch\u1ec9 m\u00e0 Browser truy xu\u1ea5t \u0111\u1ebfn.<\/p>\r\n<p><strong>2. S\u1eed d\u1ee5ng th\u00f4ng tin c\u00e1 nh\u00e2n:<\/strong> &#8211; <span style=\"color: #0000ff;\"><a style=\"color: #0000ff;\" href=\"https:\/\/marico.com.vn\/\" target=\"_blank\" rel=\"noopener\">marico.com.vn<\/a><\/span>\u00a0thu th\u1eadp v\u00e0 s\u1eed d\u1ee5ng th\u00f4ng tin c\u00e1 nh\u00e2n qu\u00fd kh\u00e1ch v\u1edbi m\u1ee5c \u0111\u00edch ph\u00f9 h\u1ee3p v\u00e0 ho\u00e0n to\u00e0n tu\u00e2n th\u1ee7 n\u1ed9i dung c\u1ee7a \u201cCh\u00ednh s\u00e1ch b\u1ea3o m\u1eadt\u201d n\u00e0y. &#8211; Khi c\u1ea7n thi\u1ebft, ch\u00fang t\u00f4i c\u00f3 th\u1ec3 s\u1eed d\u1ee5ng nh\u1eefng th\u00f4ng tin n\u00e0y \u0111\u1ec3 li\u00ean h\u1ec7 tr\u1ef1c ti\u1ebfp v\u1edbi b\u1ea1n d\u01b0\u1edbi c\u00e1c h\u00ecnh th\u1ee9c nh\u01b0: g\u1edfi th\u01b0 ng\u1ecf, \u0111\u01a1n \u0111\u1eb7t h\u00e0ng, th\u01b0 c\u1ea3m \u01a1n, th\u00f4ng tin v\u1ec1 k\u1ef9 thu\u1eadt v\u00e0 b\u1ea3o m\u1eadt, qu\u00fd kh\u00e1ch c\u00f3 th\u1ec3 nh\u1eadn \u0111\u01b0\u1ee3c th\u01b0 \u0111\u1ecbnh k\u1ef3 cung c\u1ea5p th\u00f4ng tin s\u1ea3n ph\u1ea9m, d\u1ecbch v\u1ee5 m\u1edbi, th\u00f4ng tin v\u1ec1 c\u00e1c s\u1ef1 ki\u1ec7n s\u1eafp t\u1edbi ho\u1eb7c th\u00f4ng tin tuy\u1ec3n d\u1ee5ng n\u1ebfu qu\u00fd kh\u00e1ch \u0111\u0103ng k\u00ed nh\u1eadn email th\u00f4ng b\u00e1o.<\/p>\r\n<p><strong>3. Chia s\u1ebb th\u00f4ng tin c\u00e1 nh\u00e2n:<\/strong> &#8211; Ngo\u1ea1i tr\u1eeb c\u00e1c tr\u01b0\u1eddng h\u1ee3p v\u1ec1 S\u1eed d\u1ee5ng th\u00f4ng tin c\u00e1 nh\u00e2n nh\u01b0 \u0111\u00e3 n\u00eau trong ch\u00ednh s\u00e1ch n\u00e0y, ch\u00fang t\u00f4i cam k\u1ebft s\u1ebd kh\u00f4ng ti\u1ebft l\u1ed9 th\u00f4ng tin c\u00e1 nh\u00e2n b\u1ea1n ra ngo\u00e0i. &#8211; Trong m\u1ed9t s\u1ed1 tr\u01b0\u1eddng h\u1ee3p, ch\u00fang t\u00f4i c\u00f3 th\u1ec3 thu\u00ea m\u1ed9t \u0111\u01a1n v\u1ecb \u0111\u1ed9c l\u1eadp \u0111\u1ec3 ti\u1ebfn h\u00e0nh c\u00e1c d\u1ef1 \u00e1n nghi\u00ean c\u1ee9u th\u1ecb tr\u01b0\u1eddng v\u00e0 khi \u0111\u00f3 th\u00f4ng tin c\u1ee7a b\u1ea1n s\u1ebd \u0111\u01b0\u1ee3c cung c\u1ea5p cho \u0111\u01a1n v\u1ecb n\u00e0y \u0111\u1ec3 ti\u1ebfn h\u00e0nh d\u1ef1 \u00e1n. B\u00ean th\u1ee9 ba n\u00e0y s\u1ebd b\u1ecb r\u00e0ng bu\u1ed9c b\u1edfi m\u1ed9t th\u1ecfa thu\u1eadn v\u1ec1 b\u1ea3o m\u1eadt m\u00e0 theo \u0111\u00f3 h\u1ecd ch\u1ec9 \u0111\u01b0\u1ee3c ph\u00e9p s\u1eed d\u1ee5ng nh\u1eefng th\u00f4ng tin \u0111\u01b0\u1ee3c cung c\u1ea5p cho m\u1ee5c \u0111\u00edch ho\u00e0n th\u00e0nh d\u1ef1 \u00e1n. &#8211; Ch\u00fang t\u00f4i c\u00f3 th\u1ec3 ti\u1ebft l\u1ed9 ho\u1eb7c cung c\u1ea5p th\u00f4ng tin c\u00e1 nh\u00e2n c\u1ee7a b\u1ea1n trong c\u00e1c tr\u01b0\u1eddng h\u1ee3p th\u1eadt s\u1ef1 c\u1ea7n thi\u1ebft nh\u01b0 sau: (a) khi c\u00f3 y\u00eau c\u1ea7u c\u1ee7a c\u00e1c c\u01a1 quan ph\u00e1p lu\u1eadt; (b) trong tr\u01b0\u1eddng h\u1ee3p m\u00e0 ch\u00fang t\u00f4i tin r\u1eb1ng \u0111i\u1ec1u \u0111\u00f3 s\u1ebd gi\u00fap ch\u00fang t\u00f4i b\u1ea3o v\u1ec7 quy\u1ec1n l\u1ee3i ch\u00ednh \u0111\u00e1ng c\u1ee7a m\u00ecnh tr\u01b0\u1edbc ph\u00e1p lu\u1eadt; (c) t\u00ecnh hu\u1ed1ng kh\u1ea9n c\u1ea5p v\u00e0 c\u1ea7n thi\u1ebft \u0111\u1ec3 b\u1ea3o v\u1ec7 quy\u1ec1n an to\u00e0n c\u00e1 nh\u00e2n c\u1ee7a c\u00e1c th\u00e0nh vi\u00ean <strong>\u00a0<\/strong>kh\u00e1c.<\/p>\r\n<p><strong>4. Truy xu\u1ea5t th\u00f4ng tin c\u00e1 nh\u00e2n:\u00a0<\/strong> &#8211; B\u1ea5t c\u1ee9 th\u1eddi \u0111i\u1ec3m n\u00e0o qu\u00fd kh\u00e1ch c\u0169ng c\u00f3 th\u1ec3 truy c\u1eadp v\u00e0 ch\u1ec9nh s\u1eeda nh\u1eefng th\u00f4ng tin c\u00e1 nh\u00e2n c\u1ee7a m\u00ecnh theo c\u00e1c li\u00ean k\u1ebft (website&#8217;s links) th\u00edch h\u1ee3p m\u00e0 ch\u00fang t\u00f4i cung c\u1ea5p.<\/p>\r\n<p><strong>5. B\u1ea3o m\u1eadt th\u00f4ng tin c\u00e1 nh\u00e2n:<\/strong> &#8211; Khi b\u1ea1n g\u1eedi th\u00f4ng tin c\u00e1 nh\u00e2n c\u1ee7a b\u1ea1n cho ch\u00fang t\u00f4i, b\u1ea1n \u0111\u00e3 \u0111\u1ed3ng \u00fd v\u1edbi c\u00e1c \u0111i\u1ec1u kho\u1ea3n m\u00e0 ch\u00fang t\u00f4i \u0111\u00e3 n\u00eau \u1edf tr\u00ean, <span style=\"color: #0000ff;\"><a style=\"color: #0000ff;\" href=\"https:\/\/marico.com.vn\/\" target=\"_blank\" rel=\"noopener\">marico.com.vn<\/a><\/span>\u00a0cam k\u1ebft b\u1ea3o m\u1eadt th\u00f4ng tin c\u00e1 nh\u00e2n c\u1ee7a qu\u00fd kh\u00e1ch b\u1eb1ng m\u1ecdi c\u00e1ch th\u1ee9c c\u00f3 th\u1ec3. Ch\u00fang t\u00f4i s\u1ebd s\u1eed d\u1ee5ng nhi\u1ec1u c\u00f4ng ngh\u1ec7 b\u1ea3o m\u1eadt th\u00f4ng tin kh\u00e1c nhau nh\u01b0: chu\u1ea9n qu\u1ed1c t\u1ebf PCI, SSL,\u2026 nh\u1eb1m b\u1ea3o v\u1ec7 th\u00f4ng tin n\u00e0y kh\u00f4ng b\u1ecb truy l\u1ee5c, s\u1eed d\u1ee5ng ho\u1eb7c ti\u1ebft l\u1ed9 ngo\u00e0i \u00fd mu\u1ed1n. &#8211; Tuy nhi\u00ean do h\u1ea1n ch\u1ebf v\u1ec1 m\u1eb7t k\u1ef9 thu\u1eadt, kh\u00f4ng m\u1ed9t d\u1eef li\u1ec7u n\u00e0o c\u00f3 th\u1ec3 \u0111\u01b0\u1ee3c truy\u1ec1n tr\u00ean \u0111\u01b0\u1eddng truy\u1ec1n internet m\u00e0 c\u00f3 th\u1ec3 \u0111\u01b0\u1ee3c b\u1ea3o m\u1eadt 100%. Do v\u1eady, ch\u00fang t\u00f4i kh\u00f4ng th\u1ec3 \u0111\u01b0a ra m\u1ed9t cam k\u1ebft ch\u1eafc ch\u1eafn r\u1eb1ng th\u00f4ng tin qu\u00fd kh\u00e1ch cung c\u1ea5p cho ch\u00fang t\u00f4i s\u1ebd \u0111\u01b0\u1ee3c b\u1ea3o m\u1eadt m\u1ed9t c\u00e1ch tuy\u1ec7t \u0111\u1ed1i an to\u00e0n, v\u00e0 ch\u00fang t\u00f4i kh\u00f4ng th\u1ec3 ch\u1ecbu tr\u00e1ch nhi\u1ec7m trong tr\u01b0\u1eddng h\u1ee3p c\u00f3 s\u1ef1 truy c\u1eadp tr\u00e1i ph\u00e9p th\u00f4ng tin c\u00e1 nh\u00e2n c\u1ee7a qu\u00fd kh\u00e1ch nh\u01b0 c\u00e1c tr\u01b0\u1eddng h\u1ee3p qu\u00fd kh\u00e1ch t\u1ef1 \u00fd chia s\u1ebb th\u00f4ng tin v\u1edbi ng\u01b0\u1eddi kh\u00e1c\u2026. N\u1ebfu qu\u00fd kh\u00e1ch kh\u00f4ng \u0111\u1ed3ng \u00fd v\u1edbi c\u00e1c \u0111i\u1ec1u kho\u1ea3n nh\u01b0 \u0111\u00e3 m\u00f4 t\u1ea3 \u1edf tr\u00ean, Ch\u00fang t\u00f4i khuy\u00ean qu\u00fd kh\u00e1ch kh\u00f4ng n\u00ean g\u1eedi th\u00f4ng tin \u0111\u1ebfn cho ch\u00fang t\u00f4i. &#8211; V\u00ec v\u1eady, <span style=\"color: #0000ff;\"><a style=\"color: #0000ff;\" href=\"http:\/\/www.hoasengroup.vn\/\" target=\"_blank\" rel=\"noopener\">marico.com.vn<\/a><\/span>\u00a0c\u0169ng khuy\u1ebfn c\u00e1o qu\u00fd kh\u00e1ch n\u00ean b\u1ea3o m\u1eadt c\u00e1c th\u00f4ng tin li\u00ean quan \u0111\u1ebfn m\u1eadt kh\u1ea9u truy xu\u1ea5t c\u1ee7a qu\u00fd kh\u00e1ch v\u00e0 kh\u00f4ng n\u00ean chia s\u1ebb v\u1edbi b\u1ea5t k\u1ef3 ng\u01b0\u1eddi n\u00e0o kh\u00e1c. &#8211; N\u1ebfu s\u1eed d\u1ee5ng m\u00e1y t\u00ednh chung nhi\u1ec1u ng\u01b0\u1eddi, qu\u00fd kh\u00e1ch n\u00ean \u0111\u0103ng xu\u1ea5t, ho\u1eb7c tho\u00e1t h\u1ebft t\u1ea5t c\u1ea3 c\u1eeda s\u1ed5 Website \u0111ang m\u1edf.<\/p>\r\n","protected":false},"excerpt":{"rendered":"<p>marico.com.vn cam k&#7871;t s&#7869; b&#7843;o m&#7853;t nh&#7919;ng th&ocirc;ng tin mang t&iacute;nh ri&ecirc;ng t&#432; c&#7911;a kh&aacute;ch h&agrave;ng. Qu&yacute; kh&aacute;ch vui l&ograve;ng &#273;&#7885;c b&#7843;n &ldquo;Ch&iacute;nh s&aacute;ch b&#7843;o m&#7853;t&rdquo; d&#432;&#7899;i &#273;&acirc;y &#273;&#7875; hi&#7875;u h&#417;n nh&#7919;ng cam k&#7871;t m&agrave; ch&uacute;ng t&ocirc;i th&#7921;c hi&#7879;n, nh&#7857;m [&hellip;]<\/p>\n","protected":false},"author":1,"featured_media":0,"parent":0,"menu_order":0,"comment_status":"closed","ping_status":"open","template":"","meta":[],"acf":[],"_links":{"self":[{"href":"https:\/\/marico.com.vn\/en\/wp-json\/wp\/v2\/pages\/3735"}],"collection":[{"href":"https:\/\/marico.com.vn\/en\/wp-json\/wp\/v2\/pages"}],"about":[{"href":"https:\/\/marico.com.vn\/en\/wp-json\/wp\/v2\/types\/page"}],"author":[{"embeddable":true,"href":"https:\/\/marico.com.vn\/en\/wp-json\/wp\/v2\/users\/1"}],"replies":[{"embeddable":true,"href":"https:\/\/marico.com.vn\/en\/wp-json\/wp\/v2\/comments?post=3735"}],"version-history":[{"count":0,"href":"https:\/\/marico.com.vn\/en\/wp-json\/wp\/v2\/pages\/3735\/revisions"}],"wp:attachment":[{"href":"https:\/\/marico.com.vn\/en\/wp-json\/wp\/v2\/media?parent=3735"}],"curies":[{"name":"wp","href":"https:\/\/api.w.org\/{rel}","templated":true}]}}