{"id":13832,"date":"2023-04-14T16:38:36","date_gmt":"2023-04-14T09:38:36","guid":{"rendered":"https:\/\/marico.com.vn\/binh-chua-chay-xe-day-co2-20kg-combat-co2\/"},"modified":"2023-08-08T13:57:16","modified_gmt":"2023-08-08T06:57:16","slug":"20kg-co2-stored-pressure-fire-extinguisher-combat","status":"publish","type":"product","link":"https:\/\/marico.com.vn\/en\/products\/20kg-co2-stored-pressure-fire-extinguisher-combat\/","title":{"rendered":"20kg CO2 Stored Pressure Fire Extinguisher \u2013 COMBAT"},"content":{"rendered":"<table style=\"height: 264px; width: 43.5424%; border-collapse: collapse; border-style: solid; border-color: #aaaaaa;\" border=\"1\" cellspacing=\"0\" cellpadding=\"10\">\n<tbody>\n<tr style=\"height: 24px;\">\n<td style=\"width: 17.5591%; height: 24px; background-color: #eeeeee;\"><strong>Capacity<\/strong><\/td>\n<td style=\"width: 30.2413%; height: 24px;\">20kg<\/td>\n<\/tr>\n<tr style=\"height: 24px;\">\n<td style=\"width: 17.5591%; height: 24px; background-color: #eeeeee;\"><strong>Extinguishing Medium<\/strong><\/td>\n<td style=\"width: 30.2413%; height: 24px;\">CO2<\/td>\n<\/tr>\n<tr style=\"height: 24px;\">\n<td style=\"width: 17.5591%; height: 24px; background-color: #eeeeee;\"><strong>Propellant Type<\/strong><\/td>\n<td style=\"width: 30.2413%; height: 24px;\">CO2<\/td>\n<\/tr>\n<tr style=\"height: 24px;\">\n<td style=\"width: 17.5591%; height: 24px; background-color: #eeeeee;\"><strong>Fire Rating<\/strong><\/td>\n<td style=\"width: 30.2413%; height: 24px;\">89B, C<\/td>\n<\/tr>\n<tr style=\"height: 24px;\">\n<td style=\"width: 17.5591%; height: 24px; background-color: #eeeeee;\"><strong>Discharge Time<\/strong><\/td>\n<td style=\"width: 30.2413%; height: 24px;\">44s<\/td>\n<\/tr>\n<tr style=\"height: 24px;\">\n<td style=\"width: 17.5591%; height: 24px; background-color: #eeeeee;\"><strong>Discharge Range<\/strong><\/td>\n<td style=\"width: 30.2413%; height: 24px;\">10m<\/td>\n<\/tr>\n<tr style=\"height: 24px;\">\n<td style=\"width: 17.5591%; height: 24px; background-color: #eeeeee;\"><strong>Working Temperature<\/strong><\/td>\n<td style=\"width: 30.2413%; height: 24px;\">-20 \u00b0<a title=\"Ngu\u1ed3n tham kh\u1ea3o t\u1eeb b\u00e0i vi\u1ebft C\u00e1ch vi\u1ebft \u0111\u1ed9 C (\u00b0C), th\u00eam c\u00e1c k\u00fd t\u1ef1 \u0111\u1eb7c bi\u1ec7t trong Excel, Word.. b\u1ea3n quy\u1ec1n b\u1edfi website Thuthuatnhanh.com\" href=\"https:\/\/thuthuatnhanh.com\/cach-viet-do-c-trong-excel-them-ky-tu-dac-biet\/\" target=\"_blank\" rel=\"noopener\"><img decoding=\"async\" src=\"https:\/\/thuthuatnhanh.com\/thuthuatnhanh.jpg\" \/><\/a>C -&gt; 60 \u00b0<a title=\"Ngu\u1ed3n tham kh\u1ea3o t\u1eeb b\u00e0i vi\u1ebft C\u00e1ch vi\u1ebft \u0111\u1ed9 C (\u00b0C), th\u00eam c\u00e1c k\u00fd t\u1ef1 \u0111\u1eb7c bi\u1ec7t trong Excel, Word.. b\u1ea3n quy\u1ec1n b\u1edfi website Thuthuatnhanh.com\" href=\"https:\/\/thuthuatnhanh.com\/cach-viet-do-c-trong-excel-them-ky-tu-dac-biet\/\" target=\"_blank\" rel=\"noopener\"><img decoding=\"async\" src=\"https:\/\/thuthuatnhanh.com\/thuthuatnhanh.jpg\" \/><\/a>C<\/td>\n<\/tr>\n<tr style=\"height: 24px;\">\n<td style=\"width: 17.5591%; height: 24px; background-color: #eeeeee;\"><strong>Finishing<\/strong><\/td>\n<td style=\"width: 30.2413%; height: 24px;\">RAL 3001<\/td>\n<\/tr>\n<tr style=\"height: 24px;\">\n<td style=\"width: 17.5591%; height: 24px; background-color: #eeeeee;\"><strong>Hose Length<\/strong><\/td>\n<td style=\"width: 30.2413%; height: 24px;\">3\/8 x 6m (up to 12m)<\/td>\n<\/tr>\n<tr style=\"height: 24px;\">\n<td style=\"width: 17.5591%; height: 24px; background-color: #eeeeee;\"><strong>Size<\/strong><\/td>\n<td style=\"width: 30.2413%; height: 24px;\">590 (L) x 640 (D) x 1470(H) mm<\/td>\n<\/tr>\n<tr style=\"height: 24px;\">\n<td style=\"width: 17.5591%; height: 24px; background-color: #eeeeee;\"><strong>Gross Weight<\/strong><\/td>\n<td style=\"width: 30.2413%; height: 24px;\">approx. 90kg<\/td>\n<\/tr>\n<\/tbody>\n<\/table>\n<p>&nbsp;<\/p>\n","protected":false},"excerpt":{"rendered":"<p>Capacity 20kg Extinguishing Medium CO2 Propellant Type CO2 Fire Rating 89B, C Discharge Time 44s Discharge Range 10m Working Temperature -20 &deg;C -&gt; 60 &deg;C Finishing RAL 3001 Hose Length 3\/8 x 6m (up to 12m) Size 590 (L) x [&hellip;]<\/p>\n","protected":false},"featured_media":11880,"comment_status":"open","ping_status":"closed","template":"","meta":[],"product_cat":[558,405,406],"product_tag":[],"acf":[],"_links":{"self":[{"href":"https:\/\/marico.com.vn\/en\/wp-json\/wp\/v2\/product\/13832"}],"collection":[{"href":"https:\/\/marico.com.vn\/en\/wp-json\/wp\/v2\/product"}],"about":[{"href":"https:\/\/marico.com.vn\/en\/wp-json\/wp\/v2\/types\/product"}],"replies":[{"embeddable":true,"href":"https:\/\/marico.com.vn\/en\/wp-json\/wp\/v2\/comments?post=13832"}],"version-history":[{"count":4,"href":"https:\/\/marico.com.vn\/en\/wp-json\/wp\/v2\/product\/13832\/revisions"}],"predecessor-version":[{"id":13908,"href":"https:\/\/marico.com.vn\/en\/wp-json\/wp\/v2\/product\/13832\/revisions\/13908"}],"wp:featuredmedia":[{"embeddable":true,"href":"https:\/\/marico.com.vn\/en\/wp-json\/wp\/v2\/media\/11880"}],"wp:attachment":[{"href":"https:\/\/marico.com.vn\/en\/wp-json\/wp\/v2\/media?parent=13832"}],"wp:term":[{"taxonomy":"product_cat","embeddable":true,"href":"https:\/\/marico.com.vn\/en\/wp-json\/wp\/v2\/product_cat?post=13832"},{"taxonomy":"product_tag","embeddable":true,"href":"https:\/\/marico.com.vn\/en\/wp-json\/wp\/v2\/product_tag?post=13832"}],"curies":[{"name":"wp","href":"https:\/\/api.w.org\/{rel}","templated":true}]}}