{"id":14657,"date":"2023-03-15T10:09:24","date_gmt":"2023-03-15T03:09:24","guid":{"rendered":"https:\/\/marico.com.vn\/den-tim-kiem-trong-xuong-cuu-sinh-12v-ws97-80h\/"},"modified":"2023-08-25T17:02:04","modified_gmt":"2023-08-25T10:02:04","slug":"lifeboat-searchlight-ws97-80h","status":"publish","type":"product","link":"https:\/\/marico.com.vn\/en\/products\/lifeboat-searchlight-ws97-80h\/","title":{"rendered":"Lifeboat Searchlight WS97-80H"},"content":{"rendered":"<ul>\n<li>IMPA 330264<\/li>\n<li>Lifeboat Searchlight<\/li>\n<li>12v 80w, 24v 80w<\/li>\n<li>Model: Ws97 \u2013 80H<\/li>\n<li>Comply with IMO MSC 81 (70); CCS approved<img decoding=\"async\" loading=\"lazy\" class=\"size-full wp-image-11375 aligncenter\" src=\"https:\/\/marico.com.vn\/wp-content\/uploads\/2023\/03\/Den-tim-kiem-trong-xuong-cuu-sinh-12V-WS97-80H.png\" alt=\"\u0110\u00e8n-t\u00ecm-ki\u1ebfm-trong-xu\u1ed3ng-c\u1ee9u-sinh-12V-WS97-80H\" width=\"500\" height=\"500\" srcset=\"https:\/\/marico.com.vn\/wp-content\/uploads\/2023\/03\/Den-tim-kiem-trong-xuong-cuu-sinh-12V-WS97-80H.png 500w, https:\/\/marico.com.vn\/wp-content\/uploads\/2023\/03\/Den-tim-kiem-trong-xuong-cuu-sinh-12V-WS97-80H-300x300.png 300w, https:\/\/marico.com.vn\/wp-content\/uploads\/2023\/03\/Den-tim-kiem-trong-xuong-cuu-sinh-12V-WS97-80H-100x100.png 100w, https:\/\/marico.com.vn\/wp-content\/uploads\/2023\/03\/Den-tim-kiem-trong-xuong-cuu-sinh-12V-WS97-80H-150x150.png 150w\" sizes=\"(max-width: 500px) 100vw, 500px\" \/><\/li>\n<\/ul>\n","protected":false},"excerpt":{"rendered":"<p>IMPA 330264 Lifeboat Searchlight 12v 80w, 24v 80w Model: Ws97 &ndash; 80H Comply with IMO MSC 81 (70); CCS approved<\/p>\n","protected":false},"featured_media":11376,"comment_status":"open","ping_status":"closed","template":"","meta":[],"product_cat":[446,452],"product_tag":[],"acf":[],"_links":{"self":[{"href":"https:\/\/marico.com.vn\/en\/wp-json\/wp\/v2\/product\/14657"}],"collection":[{"href":"https:\/\/marico.com.vn\/en\/wp-json\/wp\/v2\/product"}],"about":[{"href":"https:\/\/marico.com.vn\/en\/wp-json\/wp\/v2\/types\/product"}],"replies":[{"embeddable":true,"href":"https:\/\/marico.com.vn\/en\/wp-json\/wp\/v2\/comments?post=14657"}],"version-history":[{"count":1,"href":"https:\/\/marico.com.vn\/en\/wp-json\/wp\/v2\/product\/14657\/revisions"}],"predecessor-version":[{"id":14658,"href":"https:\/\/marico.com.vn\/en\/wp-json\/wp\/v2\/product\/14657\/revisions\/14658"}],"wp:featuredmedia":[{"embeddable":true,"href":"https:\/\/marico.com.vn\/en\/wp-json\/wp\/v2\/media\/11376"}],"wp:attachment":[{"href":"https:\/\/marico.com.vn\/en\/wp-json\/wp\/v2\/media?parent=14657"}],"wp:term":[{"taxonomy":"product_cat","embeddable":true,"href":"https:\/\/marico.com.vn\/en\/wp-json\/wp\/v2\/product_cat?post=14657"},{"taxonomy":"product_tag","embeddable":true,"href":"https:\/\/marico.com.vn\/en\/wp-json\/wp\/v2\/product_tag?post=14657"}],"curies":[{"name":"wp","href":"https:\/\/api.w.org\/{rel}","templated":true}]}}