{"id":15000,"date":"2023-03-15T10:50:31","date_gmt":"2023-03-15T03:50:31","guid":{"rendered":"https:\/\/marico.com.vn\/den-tin-hieu-cho-phao-be-cuu-sinh-rsfd-3\/"},"modified":"2023-09-03T15:03:06","modified_gmt":"2023-09-03T08:03:06","slug":"life-raft-light-rsfd-3","status":"publish","type":"product","link":"https:\/\/marico.com.vn\/en\/products\/life-raft-light-rsfd-3\/","title":{"rendered":"Life Raft Light RSFD-3"},"content":{"rendered":"<p>Model No.: RSFD-3<br \/>\nLight Source: LED<br \/>\nFlare Time: &gt;12h<br \/>\nStandard: SOLAS<br \/>\nApproval: CCS &amp; 96\/98\/EC<\/p>\n<p><img decoding=\"async\" loading=\"lazy\" class=\"size-full wp-image-11392 aligncenter\" src=\"https:\/\/marico.com.vn\/wp-content\/uploads\/2023\/03\/t_4d172be5ab3b1712.jpg\" alt=\"\u0110\u00e8n-t\u00edn-hi\u1ec7u-cho-phao-b\u00e8-c\u1ee9u-sinh-RSFD-3\" width=\"300\" height=\"300\" srcset=\"https:\/\/marico.com.vn\/wp-content\/uploads\/2023\/03\/t_4d172be5ab3b1712.jpg 300w, https:\/\/marico.com.vn\/wp-content\/uploads\/2023\/03\/t_4d172be5ab3b1712-100x100.jpg 100w, https:\/\/marico.com.vn\/wp-content\/uploads\/2023\/03\/t_4d172be5ab3b1712-150x150.jpg 150w\" sizes=\"(max-width: 300px) 100vw, 300px\" \/><\/p>\n","protected":false},"excerpt":{"rendered":"<p>Model No.: RSFD-3 Light Source: LED Flare Time: &gt;12h Standard: SOLAS Approval: CCS &amp; 96\/98\/EC<\/p>\n","protected":false},"featured_media":11383,"comment_status":"open","ping_status":"closed","template":"","meta":[],"product_cat":[612,446],"product_tag":[],"acf":[],"_links":{"self":[{"href":"https:\/\/marico.com.vn\/en\/wp-json\/wp\/v2\/product\/15000"}],"collection":[{"href":"https:\/\/marico.com.vn\/en\/wp-json\/wp\/v2\/product"}],"about":[{"href":"https:\/\/marico.com.vn\/en\/wp-json\/wp\/v2\/types\/product"}],"replies":[{"embeddable":true,"href":"https:\/\/marico.com.vn\/en\/wp-json\/wp\/v2\/comments?post=15000"}],"version-history":[{"count":3,"href":"https:\/\/marico.com.vn\/en\/wp-json\/wp\/v2\/product\/15000\/revisions"}],"predecessor-version":[{"id":15003,"href":"https:\/\/marico.com.vn\/en\/wp-json\/wp\/v2\/product\/15000\/revisions\/15003"}],"wp:featuredmedia":[{"embeddable":true,"href":"https:\/\/marico.com.vn\/en\/wp-json\/wp\/v2\/media\/11383"}],"wp:attachment":[{"href":"https:\/\/marico.com.vn\/en\/wp-json\/wp\/v2\/media?parent=15000"}],"wp:term":[{"taxonomy":"product_cat","embeddable":true,"href":"https:\/\/marico.com.vn\/en\/wp-json\/wp\/v2\/product_cat?post=15000"},{"taxonomy":"product_tag","embeddable":true,"href":"https:\/\/marico.com.vn\/en\/wp-json\/wp\/v2\/product_tag?post=15000"}],"curies":[{"name":"wp","href":"https:\/\/api.w.org\/{rel}","templated":true}]}}