{"id":15005,"date":"2023-03-15T11:00:50","date_gmt":"2023-03-15T04:00:50","guid":{"rendered":"https:\/\/marico.com.vn\/den-tin-hieu-cho-phao-be-cuu-sinh-rsfd-4\/"},"modified":"2023-09-03T15:04:58","modified_gmt":"2023-09-03T08:04:58","slug":"life-raft-light-rsfd-4","status":"publish","type":"product","link":"https:\/\/marico.com.vn\/en\/products\/life-raft-light-rsfd-4\/","title":{"rendered":"Life Raft Light RSFD-4"},"content":{"rendered":"<p>Model No.: RSFD-3<br \/>\nLight Source: LED<br \/>\nFlare Time: &gt;12h<br \/>\nStandard: SOLAS<br \/>\nApproval: CCS &amp; 96\/98\/EC<\/p>\n<p><img decoding=\"async\" loading=\"lazy\" class=\"size-full wp-image-11415 aligncenter\" src=\"https:\/\/marico.com.vn\/wp-content\/uploads\/2023\/03\/HTB10rdoCFGWBuNjy0Fbq6z4sXXaG.webp\" alt=\"\u0110\u00e8n-t\u00edn-hi\u1ec7u-cho-phao-b\u00e8-c\u1ee9u-sinh-RSFD-4\" width=\"536\" height=\"356\" srcset=\"https:\/\/marico.com.vn\/wp-content\/uploads\/2023\/03\/HTB10rdoCFGWBuNjy0Fbq6z4sXXaG.webp 536w, https:\/\/marico.com.vn\/wp-content\/uploads\/2023\/03\/HTB10rdoCFGWBuNjy0Fbq6z4sXXaG-300x199.webp 300w\" sizes=\"(max-width: 536px) 100vw, 536px\" \/> <img decoding=\"async\" loading=\"lazy\" class=\"size-full wp-image-11411 aligncenter\" src=\"https:\/\/marico.com.vn\/wp-content\/uploads\/2023\/03\/HTB1OYXgkAUmBKNjSZFOq6yb2XXa6.webp\" alt=\"\u0110\u00e8n-t\u00edn-hi\u1ec7u-cho-phao-b\u00e8-c\u1ee9u-sinh-RSFD-4\" width=\"1000\" height=\"750\" srcset=\"https:\/\/marico.com.vn\/wp-content\/uploads\/2023\/03\/HTB1OYXgkAUmBKNjSZFOq6yb2XXa6.webp 1000w, https:\/\/marico.com.vn\/wp-content\/uploads\/2023\/03\/HTB1OYXgkAUmBKNjSZFOq6yb2XXa6-600x450.webp 600w, https:\/\/marico.com.vn\/wp-content\/uploads\/2023\/03\/HTB1OYXgkAUmBKNjSZFOq6yb2XXa6-300x225.webp 300w, https:\/\/marico.com.vn\/wp-content\/uploads\/2023\/03\/HTB1OYXgkAUmBKNjSZFOq6yb2XXa6-768x576.webp 768w\" sizes=\"(max-width: 1000px) 100vw, 1000px\" \/> <img decoding=\"async\" loading=\"lazy\" class=\"size-full wp-image-11413 aligncenter\" src=\"https:\/\/marico.com.vn\/wp-content\/uploads\/2023\/03\/HTB1znXakBjTBKNjSZFwq6AG4XXa3.webp\" alt=\"\u0110\u00e8n-t\u00edn-hi\u1ec7u-cho-phao-b\u00e8-c\u1ee9u-sinh-RSFD-4\" width=\"1000\" height=\"750\" srcset=\"https:\/\/marico.com.vn\/wp-content\/uploads\/2023\/03\/HTB1znXakBjTBKNjSZFwq6AG4XXa3.webp 1000w, https:\/\/marico.com.vn\/wp-content\/uploads\/2023\/03\/HTB1znXakBjTBKNjSZFwq6AG4XXa3-600x450.webp 600w, https:\/\/marico.com.vn\/wp-content\/uploads\/2023\/03\/HTB1znXakBjTBKNjSZFwq6AG4XXa3-300x225.webp 300w, https:\/\/marico.com.vn\/wp-content\/uploads\/2023\/03\/HTB1znXakBjTBKNjSZFwq6AG4XXa3-768x576.webp 768w\" sizes=\"(max-width: 1000px) 100vw, 1000px\" \/> <img decoding=\"async\" loading=\"lazy\" class=\"size-full wp-image-11405 aligncenter\" src=\"https:\/\/marico.com.vn\/wp-content\/uploads\/2023\/03\/Hd5a92849267249a2a3fcafcca48542b1f.jpg_960x960.webp\" alt=\"\u0110\u00e8n-t\u00edn-hi\u1ec7u-cho-phao-b\u00e8-c\u1ee9u-sinh-RSFD-4\" width=\"960\" height=\"960\" srcset=\"https:\/\/marico.com.vn\/wp-content\/uploads\/2023\/03\/Hd5a92849267249a2a3fcafcca48542b1f.jpg_960x960.webp 960w, https:\/\/marico.com.vn\/wp-content\/uploads\/2023\/03\/Hd5a92849267249a2a3fcafcca48542b1f.jpg_960x960-300x300.webp 300w, https:\/\/marico.com.vn\/wp-content\/uploads\/2023\/03\/Hd5a92849267249a2a3fcafcca48542b1f.jpg_960x960-100x100.webp 100w, https:\/\/marico.com.vn\/wp-content\/uploads\/2023\/03\/Hd5a92849267249a2a3fcafcca48542b1f.jpg_960x960-600x600.webp 600w, https:\/\/marico.com.vn\/wp-content\/uploads\/2023\/03\/Hd5a92849267249a2a3fcafcca48542b1f.jpg_960x960-150x150.webp 150w, https:\/\/marico.com.vn\/wp-content\/uploads\/2023\/03\/Hd5a92849267249a2a3fcafcca48542b1f.jpg_960x960-768x768.webp 768w\" sizes=\"(max-width: 960px) 100vw, 960px\" \/> <img decoding=\"async\" loading=\"lazy\" class=\"size-full wp-image-11419 aligncenter\" src=\"https:\/\/marico.com.vn\/wp-content\/uploads\/2023\/03\/HTB102xTCFuWBuNjSszbq6AS7FXal.webp\" alt=\"\u0110\u00e8n-t\u00edn-hi\u1ec7u-cho-phao-b\u00e8-c\u1ee9u-sinh-RSFD-4\" width=\"1000\" height=\"562\" srcset=\"https:\/\/marico.com.vn\/wp-content\/uploads\/2023\/03\/HTB102xTCFuWBuNjSszbq6AS7FXal.webp 1000w, https:\/\/marico.com.vn\/wp-content\/uploads\/2023\/03\/HTB102xTCFuWBuNjSszbq6AS7FXal-600x337.webp 600w, https:\/\/marico.com.vn\/wp-content\/uploads\/2023\/03\/HTB102xTCFuWBuNjSszbq6AS7FXal-300x169.webp 300w, https:\/\/marico.com.vn\/wp-content\/uploads\/2023\/03\/HTB102xTCFuWBuNjSszbq6AS7FXal-768x432.webp 768w\" sizes=\"(max-width: 1000px) 100vw, 1000px\" \/><\/p>\n","protected":false},"excerpt":{"rendered":"<p>Model No.: RSFD-3 Light Source: LED Flare Time: &gt;12h Standard: SOLAS Approval: CCS &amp; 96\/98\/EC<\/p>\n","protected":false},"featured_media":11398,"comment_status":"open","ping_status":"closed","template":"","meta":[],"product_cat":[612,446],"product_tag":[],"acf":[],"_links":{"self":[{"href":"https:\/\/marico.com.vn\/en\/wp-json\/wp\/v2\/product\/15005"}],"collection":[{"href":"https:\/\/marico.com.vn\/en\/wp-json\/wp\/v2\/product"}],"about":[{"href":"https:\/\/marico.com.vn\/en\/wp-json\/wp\/v2\/types\/product"}],"replies":[{"embeddable":true,"href":"https:\/\/marico.com.vn\/en\/wp-json\/wp\/v2\/comments?post=15005"}],"version-history":[{"count":2,"href":"https:\/\/marico.com.vn\/en\/wp-json\/wp\/v2\/product\/15005\/revisions"}],"predecessor-version":[{"id":15007,"href":"https:\/\/marico.com.vn\/en\/wp-json\/wp\/v2\/product\/15005\/revisions\/15007"}],"wp:featuredmedia":[{"embeddable":true,"href":"https:\/\/marico.com.vn\/en\/wp-json\/wp\/v2\/media\/11398"}],"wp:attachment":[{"href":"https:\/\/marico.com.vn\/en\/wp-json\/wp\/v2\/media?parent=15005"}],"wp:term":[{"taxonomy":"product_cat","embeddable":true,"href":"https:\/\/marico.com.vn\/en\/wp-json\/wp\/v2\/product_cat?post=15005"},{"taxonomy":"product_tag","embeddable":true,"href":"https:\/\/marico.com.vn\/en\/wp-json\/wp\/v2\/product_tag?post=15005"}],"curies":[{"name":"wp","href":"https:\/\/api.w.org\/{rel}","templated":true}]}}