{"id":15258,"date":"2023-03-15T09:52:02","date_gmt":"2023-03-15T02:52:02","guid":{"rendered":"https:\/\/marico.com.vn\/day-dai-an-toan-cho-nguoi-chua-chay\/"},"modified":"2023-09-14T17:01:23","modified_gmt":"2023-09-14T10:01:23","slug":"safety-belt","status":"publish","type":"product","link":"https:\/\/marico.com.vn\/en\/products\/safety-belt\/","title":{"rendered":"Safety belt"},"content":{"rendered":"<p style=\"font-weight: 400;\"><b><strong>Technical parameter<\/strong><\/b><\/p>\n<ul>\n<li>Weight: 0.5kg<\/li>\n<li>Bearing weight\u00a0:\u00a0887.8\u00a0kg<\/li>\n<li>Length\u00a0:\u00a0115.5\u00a0cm<\/li>\n<li>Width\u00a0:\u00a0\u00a07.5\u00a0cm<\/li>\n<li>Features: wear resistance, flame retardancy, working pull 4500N<\/li>\n<li>Material : nylon ribbon and metal components<\/li>\n<\/ul>\n<p><img decoding=\"async\" loading=\"lazy\" class=\"alignnone size-full wp-image-11336\" src=\"https:\/\/marico.com.vn\/wp-content\/uploads\/2023\/03\/bf0be54d7082478c.jpg\" alt=\"D\u00e2y-\u0111ai-an-to\u00e0n-cho-ng\u01b0\u1eddi-ch\u1eefa-ch\u00e1y\" width=\"1200\" height=\"1200\" srcset=\"https:\/\/marico.com.vn\/wp-content\/uploads\/2023\/03\/bf0be54d7082478c.jpg 1200w, https:\/\/marico.com.vn\/wp-content\/uploads\/2023\/03\/bf0be54d7082478c-300x300.jpg 300w, https:\/\/marico.com.vn\/wp-content\/uploads\/2023\/03\/bf0be54d7082478c-100x100.jpg 100w, https:\/\/marico.com.vn\/wp-content\/uploads\/2023\/03\/bf0be54d7082478c-600x600.jpg 600w, https:\/\/marico.com.vn\/wp-content\/uploads\/2023\/03\/bf0be54d7082478c-1024x1024.jpg 1024w, https:\/\/marico.com.vn\/wp-content\/uploads\/2023\/03\/bf0be54d7082478c-150x150.jpg 150w, https:\/\/marico.com.vn\/wp-content\/uploads\/2023\/03\/bf0be54d7082478c-768x768.jpg 768w\" sizes=\"(max-width: 1200px) 100vw, 1200px\" \/><\/p>\n","protected":false},"excerpt":{"rendered":"<p>Technical parameter Weight: 0.5kg Bearing weight&nbsp;:&nbsp;887.8&nbsp;kg Length&nbsp;:&nbsp;115.5&nbsp;cm Width&nbsp;:&nbsp;&nbsp;7.5&nbsp;cm Features: wear resistance, flame retardancy, working pull 4500N Material : nylon ribbon and metal components<\/p>\n","protected":false},"featured_media":11339,"comment_status":"open","ping_status":"closed","template":"","meta":[],"product_cat":[337,454],"product_tag":[],"acf":[],"_links":{"self":[{"href":"https:\/\/marico.com.vn\/en\/wp-json\/wp\/v2\/product\/15258"}],"collection":[{"href":"https:\/\/marico.com.vn\/en\/wp-json\/wp\/v2\/product"}],"about":[{"href":"https:\/\/marico.com.vn\/en\/wp-json\/wp\/v2\/types\/product"}],"replies":[{"embeddable":true,"href":"https:\/\/marico.com.vn\/en\/wp-json\/wp\/v2\/comments?post=15258"}],"version-history":[{"count":2,"href":"https:\/\/marico.com.vn\/en\/wp-json\/wp\/v2\/product\/15258\/revisions"}],"predecessor-version":[{"id":15260,"href":"https:\/\/marico.com.vn\/en\/wp-json\/wp\/v2\/product\/15258\/revisions\/15260"}],"wp:featuredmedia":[{"embeddable":true,"href":"https:\/\/marico.com.vn\/en\/wp-json\/wp\/v2\/media\/11339"}],"wp:attachment":[{"href":"https:\/\/marico.com.vn\/en\/wp-json\/wp\/v2\/media?parent=15258"}],"wp:term":[{"taxonomy":"product_cat","embeddable":true,"href":"https:\/\/marico.com.vn\/en\/wp-json\/wp\/v2\/product_cat?post=15258"},{"taxonomy":"product_tag","embeddable":true,"href":"https:\/\/marico.com.vn\/en\/wp-json\/wp\/v2\/product_tag?post=15258"}],"curies":[{"name":"wp","href":"https:\/\/api.w.org\/{rel}","templated":true}]}}