{"id":20756,"date":"2023-07-31T09:27:21","date_gmt":"2023-07-31T02:27:21","guid":{"rendered":"https:\/\/marico.com.vn\/pac-18\/"},"modified":"2023-07-31T09:27:21","modified_gmt":"2023-07-31T02:27:21","slug":"pac-18","status":"publish","type":"product","link":"https:\/\/marico.com.vn\/en\/products\/pac-18\/","title":{"rendered":"PAC 18"},"content":{"rendered":"<div id=\"ez-toc-container\" class=\"ez-toc-v2_0_58 counter-hierarchy ez-toc-counter ez-toc-light-blue ez-toc-container-direction\">\n<div class=\"ez-toc-title-container\">\n<p class=\"ez-toc-title \" >N\u1ed9i dung b&agrave;i vi\u1ebft<\/p>\n<span class=\"ez-toc-title-toggle\"><a href=\"#\" class=\"ez-toc-pull-right ez-toc-btn ez-toc-btn-xs ez-toc-btn-default ez-toc-toggle\" aria-label=\"Toggle Table of Content\" role=\"button\"><label for=\"item-69e5e5b74209a\" ><span class=\"\"><span class=\"eztoc-hide\" style=\"display:none;\">Toggle<\/span><span class=\"ez-toc-icon-toggle-span\"><svg style=\"fill: #999;color:#999\" xmlns=\"http:\/\/www.w3.org\/2000\/svg\" class=\"list-377408\" width=\"20px\" height=\"20px\" viewBox=\"0 0 24 24\" fill=\"none\"><path d=\"M6 6H4v2h2V6zm14 0H8v2h12V6zM4 11h2v2H4v-2zm16 0H8v2h12v-2zM4 16h2v2H4v-2zm16 0H8v2h12v-2z\" fill=\"currentColor\"><\/path><\/svg><svg style=\"fill: #999;color:#999\" class=\"arrow-unsorted-368013\" xmlns=\"http:\/\/www.w3.org\/2000\/svg\" width=\"10px\" height=\"10px\" viewBox=\"0 0 24 24\" version=\"1.2\" baseProfile=\"tiny\"><path d=\"M18.2 9.3l-6.2-6.3-6.2 6.3c-.2.2-.3.4-.3.7s.1.5.3.7c.2.2.4.3.7.3h11c.3 0 .5-.1.7-.3.2-.2.3-.5.3-.7s-.1-.5-.3-.7zM5.8 14.7l6.2 6.3 6.2-6.3c.2-.2.3-.5.3-.7s-.1-.5-.3-.7c-.2-.2-.4-.3-.7-.3h-11c-.3 0-.5.1-.7.3-.2.2-.3.5-.3.7s.1.5.3.7z\"\/><\/svg><\/span><\/span><\/label><input aria-label=\"Toggle\" aria-label=\"item-69e5e5b74209a\"  type=\"checkbox\" id=\"item-69e5e5b74209a\"><\/a><\/span><\/div>\n<nav><ul class='ez-toc-list ez-toc-list-level-1 eztoc-toggle-hide-by-default' ><li class='ez-toc-page-1 ez-toc-heading-level-1'><a class=\"ez-toc-link ez-toc-heading-1\" href=\"https:\/\/marico.com.vn\/en\/products\/pac-18\/#HOA_CHAT_XU_LY_NUOC_XAN_XUAT_%E2%80%93_PAC_18\" title=\"H\u00d3A CH\u1ea4T X\u1eec L\u00dd N\u01af\u1edaC X\u1ea2N XU\u1ea4T &#8211; PAC 18\">H\u00d3A CH\u1ea4T X\u1eec L\u00dd N\u01af\u1edaC X\u1ea2N XU\u1ea4T &#8211; PAC 18<\/a><ul class='ez-toc-list-level-2'><li class='ez-toc-heading-level-2'><a class=\"ez-toc-link ez-toc-heading-2\" href=\"https:\/\/marico.com.vn\/en\/products\/pac-18\/#1_PAC_18\" title=\"1. PAC 18\">1. PAC 18<\/a><\/li><li class='ez-toc-page-1 ez-toc-heading-level-2'><a class=\"ez-toc-link ez-toc-heading-3\" href=\"https:\/\/marico.com.vn\/en\/products\/pac-18\/#2_Ung_dung\" title=\"2. \u1ee8ng d\u1ee5ng\">2. \u1ee8ng d\u1ee5ng<\/a><\/li><li class='ez-toc-page-1 ez-toc-heading-level-2'><a class=\"ez-toc-link ez-toc-heading-4\" href=\"https:\/\/marico.com.vn\/en\/products\/pac-18\/#3_Lieu_luong_su_dung\" title=\"3. Li\u1ec1u l\u01b0\u1ee3ng s\u1eed d\u1ee5ng\">3. Li\u1ec1u l\u01b0\u1ee3ng s\u1eed d\u1ee5ng<\/a><\/li><\/ul><\/li><\/ul><\/nav><\/div>\n<h1><span class=\"ez-toc-section\" id=\"HOA_CHAT_XU_LY_NUOC_XAN_XUAT_%E2%80%93_PAC_18\"><\/span>H\u00d3A CH\u1ea4T X\u1eec L\u00dd N\u01af\u1edaC X\u1ea2N XU\u1ea4T &#8211; PAC 18<span class=\"ez-toc-section-end\"><\/span><\/h1>\n<h2><span class=\"ez-toc-section\" id=\"1_PAC_18\"><\/span>1. PAC 18<span class=\"ez-toc-section-end\"><\/span><\/h2>\n<p>PAC 18 (Poly Aluminium Chloride 18%) kh\u00f4ng ch\u1ee9a s\u1eaft, ho\u00e0n to\u00e0n an to\u00e0n v\u1edbi m\u00f4i tr\u01b0\u1eddng.<\/p>\n<h2><span class=\"ez-toc-section\" id=\"2_Ung_dung\"><\/span>2. \u1ee8ng d\u1ee5ng<span class=\"ez-toc-section-end\"><\/span><\/h2>\n<p>C\u00e1c quy \u0111\u1ecbnh Qu\u1ed1c t\u1ebf v\u1ec1 m\u00f4i tr\u01b0\u1eddng \u0111\u1eb7t ra c\u00e1c quy t\u1eafc nghi\u00eam ng\u1eb7t v\u1ec1 h\u00e0m l\u01b0\u1ee3ng d\u1ea7u trong n\u01b0\u1edbc th\u1ea3i t\u1eeb t\u00e0u. \u0110\u1ec3 \u0111\u00e1p \u1ee9ng c\u00e1c quy \u0111\u1ecbnh n\u00e0y, c\u1ea7n c\u00f3 s\u1ef1 k\u1ebft h\u1ee3p gi\u1eefa l\u00e0m s\u1ea1ch n\u01b0\u1edbc th\u1ea3i c\u01a1 h\u1ecdc v\u00e0 h\u00f3a h\u1ecdc.<\/p>\n<p>PAC 18 (Poly Aluminium Chloride 18%) \u0111\u01b0\u1ee3c s\u1eed d\u1ee5ng k\u1ebft h\u1ee3p v\u1edbi c\u00e1c h\u1ec7 th\u1ed1ng l\u00e0m s\u1ea1ch n\u01b0\u1edbc\u00a0la canh nhi\u1ec1u t\u1ea7ng, bao g\u1ed3m t\u00e1ch d\u1ea7u t\u1ef1 do b\u1eb1ng c\u01a1 h\u1ecdc, ph\u00e1 v\u1ee1 nh\u0169 t\u01b0\u01a1ng, k\u1ebft t\u1ee7a. Sau khi \u0111\u1ecbnh l\u01b0\u1ee3ng, PAC 18 (Poly Aluminium Chloride 18%) ph\u00e1 v\u1ee1 nh\u0169 t\u01b0\u01a1ng d\u1ea7u trong n\u01b0\u1edbc \u0111\u01b0\u1ee3c t\u1ea1o ra b\u1edfi c\u00e1c ch\u1ea5t g\u00e2y \u00f4 nhi\u1ec5m trong d\u1ea7u b\u00f4i tr\u01a1n v\u00e0 d\u1ea7u nhi\u00ean li\u1ec7u, ch\u1ea5t l\u00e0m s\u1ea1ch nh\u0169 h\u00f3a, v.v. Sau \u0111\u00f3, n\u00f3 l\u00e0m c\u00e1c gi\u1ecdt d\u1ea7u nh\u1ecf k\u1ebft t\u1ee5 th\u00e0nh c\u00e1c gi\u1ecdt l\u1edbn h\u01a1n, \u0111\u1ec3 d\u1ec5 d\u00e0ng \u0111\u01b0\u1ee3c thu th\u1eadp b\u1eb1ng c\u00e1ch l\u1ecdc.<\/p>\n<h2><span class=\"ez-toc-section\" id=\"3_Lieu_luong_su_dung\"><\/span>3. Li\u1ec1u l\u01b0\u1ee3ng s\u1eed d\u1ee5ng<span class=\"ez-toc-section-end\"><\/span><\/h2>\n<p>T\u1ef7 l\u1ec7 li\u1ec1u l\u01b0\u1ee3ng \u0111i\u1ec3n h\u00ecnh: 100 &#8211; 500ppm (0,1 &#8211; 0,5 l\u00edt\/m3 n\u01b0\u1edbc) Trong h\u1ec7 th\u1ed1ng l\u00e0m s\u1ea1ch n\u01b0\u1edbc la canh nhi\u1ec1u t\u1ea7ng, PAC 18 (Poly Aluminium Chloride 18%) \u0111\u01b0\u1ee3c c\u1ea5p nguy\u00ean ch\u1ea5t th\u00f4ng qua m\u1ed9t b\u01a1m \u0111\u1ecbnh l\u01b0\u1ee3ng \u0111\u01b0\u1ee3c k\u1ebft n\u1ed1i v\u1edbi ph\u00eda \u00e1p su\u1ea5t c\u1ee7a b\u1ed9 kh\u1eed c\u1eb7n d\u1ea7u.<\/p>\n","protected":false},"excerpt":{"rendered":"<p>H&Oacute;A CH&#7844;T X&#7916; L&Yacute; N&#431;&#7898;C X&#7842;N XU&#7844;T &ndash; PAC 18 1. PAC 18 PAC 18 (Poly Aluminium Chloride 18%) kh&ocirc;ng ch&#7913;a s&#7855;t, ho&agrave;n to&agrave;n an to&agrave;n v&#7899;i m&ocirc;i tr&#432;&#7901;ng. 2. &#7912;ng d&#7909;ng C&aacute;c quy &#273;&#7883;nh Qu&#7889;c t&#7871; v&#7873; m&ocirc;i tr&#432;&#7901;ng [&hellip;]<\/p>\n","protected":false},"featured_media":0,"comment_status":"open","ping_status":"closed","template":"","meta":[],"product_cat":[872],"product_tag":[],"acf":[],"_links":{"self":[{"href":"https:\/\/marico.com.vn\/en\/wp-json\/wp\/v2\/product\/20756"}],"collection":[{"href":"https:\/\/marico.com.vn\/en\/wp-json\/wp\/v2\/product"}],"about":[{"href":"https:\/\/marico.com.vn\/en\/wp-json\/wp\/v2\/types\/product"}],"replies":[{"embeddable":true,"href":"https:\/\/marico.com.vn\/en\/wp-json\/wp\/v2\/comments?post=20756"}],"version-history":[{"count":0,"href":"https:\/\/marico.com.vn\/en\/wp-json\/wp\/v2\/product\/20756\/revisions"}],"wp:attachment":[{"href":"https:\/\/marico.com.vn\/en\/wp-json\/wp\/v2\/media?parent=20756"}],"wp:term":[{"taxonomy":"product_cat","embeddable":true,"href":"https:\/\/marico.com.vn\/en\/wp-json\/wp\/v2\/product_cat?post=20756"},{"taxonomy":"product_tag","embeddable":true,"href":"https:\/\/marico.com.vn\/en\/wp-json\/wp\/v2\/product_tag?post=20756"}],"curies":[{"name":"wp","href":"https:\/\/api.w.org\/{rel}","templated":true}]}}