{"id":20758,"date":"2023-07-29T11:45:04","date_gmt":"2023-07-29T04:45:04","guid":{"rendered":"https:\/\/marico.com.vn\/chlor-12\/"},"modified":"2023-07-29T11:45:04","modified_gmt":"2023-07-29T04:45:04","slug":"chlor-12","status":"publish","type":"product","link":"https:\/\/marico.com.vn\/en\/products\/chlor-12\/","title":{"rendered":"CHLOR 12"},"content":{"rendered":"<div id=\"ez-toc-container\" class=\"ez-toc-v2_0_58 counter-hierarchy ez-toc-counter ez-toc-light-blue ez-toc-container-direction\">\n<div class=\"ez-toc-title-container\">\n<p class=\"ez-toc-title \" >N\u1ed9i dung b&agrave;i vi\u1ebft<\/p>\n<span class=\"ez-toc-title-toggle\"><a href=\"#\" class=\"ez-toc-pull-right ez-toc-btn ez-toc-btn-xs ez-toc-btn-default ez-toc-toggle\" aria-label=\"Toggle Table of Content\" role=\"button\"><label for=\"item-69e35bfb3bae3\" ><span class=\"\"><span class=\"eztoc-hide\" style=\"display:none;\">Toggle<\/span><span class=\"ez-toc-icon-toggle-span\"><svg style=\"fill: #999;color:#999\" xmlns=\"http:\/\/www.w3.org\/2000\/svg\" class=\"list-377408\" width=\"20px\" height=\"20px\" viewBox=\"0 0 24 24\" fill=\"none\"><path d=\"M6 6H4v2h2V6zm14 0H8v2h12V6zM4 11h2v2H4v-2zm16 0H8v2h12v-2zM4 16h2v2H4v-2zm16 0H8v2h12v-2z\" fill=\"currentColor\"><\/path><\/svg><svg style=\"fill: #999;color:#999\" class=\"arrow-unsorted-368013\" xmlns=\"http:\/\/www.w3.org\/2000\/svg\" width=\"10px\" height=\"10px\" viewBox=\"0 0 24 24\" version=\"1.2\" baseProfile=\"tiny\"><path d=\"M18.2 9.3l-6.2-6.3-6.2 6.3c-.2.2-.3.4-.3.7s.1.5.3.7c.2.2.4.3.7.3h11c.3 0 .5-.1.7-.3.2-.2.3-.5.3-.7s-.1-.5-.3-.7zM5.8 14.7l6.2 6.3 6.2-6.3c.2-.2.3-.5.3-.7s-.1-.5-.3-.7c-.2-.2-.4-.3-.7-.3h-11c-.3 0-.5.1-.7.3-.2.2-.3.5-.3.7s.1.5.3.7z\"\/><\/svg><\/span><\/span><\/label><input aria-label=\"Toggle\" aria-label=\"item-69e35bfb3bae3\"  type=\"checkbox\" id=\"item-69e35bfb3bae3\"><\/a><\/span><\/div>\n<nav><ul class='ez-toc-list ez-toc-list-level-1 eztoc-toggle-hide-by-default' ><li class='ez-toc-page-1 ez-toc-heading-level-1'><a class=\"ez-toc-link ez-toc-heading-1\" href=\"https:\/\/marico.com.vn\/en\/products\/chlor-12\/#HOA_CHAT_XU_LY_NUOC_XAN_XUAT_%E2%80%93_CHLOR_12\" title=\"H\u00d3A CH\u1ea4T X\u1eec L\u00dd N\u01af\u1edaC X\u1ea2N XU\u1ea4T &#8211; CHLOR 12\">H\u00d3A CH\u1ea4T X\u1eec L\u00dd N\u01af\u1edaC X\u1ea2N XU\u1ea4T &#8211; CHLOR 12<\/a><ul class='ez-toc-list-level-2'><li class='ez-toc-heading-level-2'><a class=\"ez-toc-link ez-toc-heading-2\" href=\"https:\/\/marico.com.vn\/en\/products\/chlor-12\/#1_Ung_dung\" title=\"1. \u1ee8ng d\u1ee5ng\">1. \u1ee8ng d\u1ee5ng<\/a><\/li><li class='ez-toc-page-1 ez-toc-heading-level-2'><a class=\"ez-toc-link ez-toc-heading-3\" href=\"https:\/\/marico.com.vn\/en\/products\/chlor-12\/#2_Dac_tinh\" title=\"2. \u0110\u1eb7c t\u00ednh\">2. \u0110\u1eb7c t\u00ednh<\/a><\/li><li class='ez-toc-page-1 ez-toc-heading-level-2'><a class=\"ez-toc-link ez-toc-heading-4\" href=\"https:\/\/marico.com.vn\/en\/products\/chlor-12\/#3_Lieu_luong_su_dung\" title=\"3. Li\u1ec1u l\u01b0\u1ee3ng s\u1eed d\u1ee5ng\">3. Li\u1ec1u l\u01b0\u1ee3ng s\u1eed d\u1ee5ng<\/a><\/li><li class='ez-toc-page-1 ez-toc-heading-level-2'><a class=\"ez-toc-link ez-toc-heading-5\" href=\"https:\/\/marico.com.vn\/en\/products\/chlor-12\/#4_Chu_y_an_toan\" title=\"4. Ch\u00fa \u00fd an to\u00e0n\">4. Ch\u00fa \u00fd an to\u00e0n<\/a><\/li><li class='ez-toc-page-1 ez-toc-heading-level-2'><a class=\"ez-toc-link ez-toc-heading-6\" href=\"https:\/\/marico.com.vn\/en\/products\/chlor-12\/#5_Cac_bien_phap_bao_quan_va_xu_ly\" title=\"5. C\u00e1c bi\u1ec7n ph\u00e1p b\u1ea3o qu\u1ea3n v\u00e0 x\u1eed l\u00fd\">5. C\u00e1c bi\u1ec7n ph\u00e1p b\u1ea3o qu\u1ea3n v\u00e0 x\u1eed l\u00fd<\/a><ul class='ez-toc-list-level-3'><li class='ez-toc-heading-level-3'><a class=\"ez-toc-link ez-toc-heading-7\" href=\"https:\/\/marico.com.vn\/en\/products\/chlor-12\/#51_Bien_phap_bao_quan_ky_thuat\" title=\"5.1. Bi\u1ec7n ph\u00e1p b\u1ea3o qu\u1ea3n k\u1ef9 thu\u1eadt\">5.1. Bi\u1ec7n ph\u00e1p b\u1ea3o qu\u1ea3n k\u1ef9 thu\u1eadt<\/a><\/li><li class='ez-toc-page-1 ez-toc-heading-level-3'><a class=\"ez-toc-link ez-toc-heading-8\" href=\"https:\/\/marico.com.vn\/en\/products\/chlor-12\/#52_Thong_tin_doc_tinh\" title=\"5.2. Th\u00f4ng tin \u0111\u1ed9c t\u00ednh\">5.2. Th\u00f4ng tin \u0111\u1ed9c t\u00ednh<\/a><\/li><li class='ez-toc-page-1 ez-toc-heading-level-3'><a class=\"ez-toc-link ez-toc-heading-9\" href=\"https:\/\/marico.com.vn\/en\/products\/chlor-12\/#53_Thong_tin_tac_dong_he_sinh_thai\" title=\"5.3. Th\u00f4ng tin t\u00e1c \u0111\u1ed9ng h\u1ec7 sinh th\u00e1i\">5.3. Th\u00f4ng tin t\u00e1c \u0111\u1ed9ng h\u1ec7 sinh th\u00e1i<\/a><\/li><li class='ez-toc-page-1 ez-toc-heading-level-3'><a class=\"ez-toc-link ez-toc-heading-10\" href=\"https:\/\/marico.com.vn\/en\/products\/chlor-12\/#54_Bien_phap_trong_truong_hop_tai_nan_chay_no\" title=\"5.4. Bi\u1ec7n ph\u00e1p trong tr\u01b0\u1eddng h\u1ee3p tai n\u1ea1n, ch\u00e1y n\u1ed5\">5.4. Bi\u1ec7n ph\u00e1p trong tr\u01b0\u1eddng h\u1ee3p tai n\u1ea1n, ch\u00e1y n\u1ed5<\/a><\/li><li class='ez-toc-page-1 ez-toc-heading-level-3'><a class=\"ez-toc-link ez-toc-heading-11\" href=\"https:\/\/marico.com.vn\/en\/products\/chlor-12\/#55_Bien_phap_so_cuu\" title=\"5.5. Bi\u1ec7n ph\u00e1p s\u01a1 c\u1ee9u\">5.5. Bi\u1ec7n ph\u00e1p s\u01a1 c\u1ee9u<\/a><\/li><\/ul><\/li><\/ul><\/li><\/ul><\/nav><\/div>\n<h1><span class=\"ez-toc-section\" id=\"HOA_CHAT_XU_LY_NUOC_XAN_XUAT_%E2%80%93_CHLOR_12\"><\/span>H\u00d3A CH\u1ea4T X\u1eec L\u00dd N\u01af\u1edaC X\u1ea2N XU\u1ea4T &#8211; CHLOR 12<span class=\"ez-toc-section-end\"><\/span><\/h1>\n<h2><span class=\"ez-toc-section\" id=\"1_Ung_dung\"><\/span>1. \u1ee8ng d\u1ee5ng<span class=\"ez-toc-section-end\"><\/span><\/h2>\n<p>\u0110\u01b0\u1ee3c s\u1eed d\u1ee5ng \u0111\u1ec3 kh\u1eed tr\u00f9ng n\u01b0\u1edbc u\u1ed1ng trong h\u1ec7 th\u1ed1ng d\u1eabn n\u01b0\u1edbc tr\u00ean t\u00e0u v\u00e0 \u0111\u1ec3 kh\u1eed tr\u00f9ng n\u01b0\u1edbc th\u1ea3i c\u00f2n s\u00f3t l\u1ea1i t\u1eeb qu\u00e1 tr\u00ecnh x\u1eed l\u00fd n\u01b0\u1edbc th\u1ea3i. C\u0169ng \u0111\u01b0\u1ee3c s\u1eed d\u1ee5ng \u0111\u1ec3 kh\u1eed tr\u00f9ng n\u01b0\u1edbc b\u1ec3 b\u01a1i v\u00e0 b\u1ec3 s\u1ee5c.<\/p>\n<p>\u0110\u1ea3m b\u1ea3o ki\u1ec3m so\u00e1t v\u00e0 lo\u1ea1i b\u1ecf h\u1ec7 vi khu\u1ea9n, do \u0111\u00f3 \u0111\u00e1p \u1ee9ng c\u00e1c y\u00eau c\u1ea7u thi\u1ebft y\u1ebfu \u0111\u1ed1i v\u1edbi n\u01b0\u1edbc u\u1ed1ng. 12% SODIUM HYPOCHLORITE \u0111\u01b0\u1ee3c c\u00f4ng nh\u1eadn r\u1ed9ng r\u00e3i l\u00e0 ch\u1ea5t kh\u1eed tr\u00f9ng n\u01b0\u1edbc u\u1ed1ng (\u0111\u01b0\u1ee3c B\u1ed8 Y T\u1ebe ph\u00ea duy\u1ec7t) do \u0111\u00f3 \u0111\u01b0\u1ee3c ph\u00e9p s\u1eed d\u1ee5ng trong t\u1ea5t c\u1ea3 c\u00e1c \u0111\u01b0\u1eddng c\u1ea5p n\u01b0\u1edbc d\u00e2n d\u1ee5ng.<\/p>\n<h2><span class=\"ez-toc-section\" id=\"2_Dac_tinh\"><\/span>2. \u0110\u1eb7c t\u00ednh<span class=\"ez-toc-section-end\"><\/span><\/h2>\n<ul>\n<li>D\u1ea1ng h\u00f3a ch\u1ea5t: Ch\u1ea5t l\u1ecfng m\u00e0u v\u00e0ng nh\u1ea1t c\u00f3 m\u00f9i Clo<\/li>\n<li>\u0110i\u1ec3m b\u1ed1c h\u01a1i: Kh\u00f4ng c\u00f3<\/li>\n<li>pH 1%: 11<\/li>\n<li>IMO Class: 8<\/li>\n<li>UN Number: 1791<\/li>\n<li>ADR: 8.61c)<\/li>\n<\/ul>\n<h2><span class=\"ez-toc-section\" id=\"3_Lieu_luong_su_dung\"><\/span>3. Li\u1ec1u l\u01b0\u1ee3ng s\u1eed d\u1ee5ng<span class=\"ez-toc-section-end\"><\/span><\/h2>\n<p>0,2 PPM c\u1ee7a RESIDUAL ACTIVE CHLORINE \u0111\u01b0\u1ee3c \u0111\u00e1nh gi\u00e1 b\u1eb1ng ph\u01b0\u01a1ng ph\u00e1p DPD v\u00e0 vi\u00ean n\u00e9n ho\u1eb7c ortho-tolidine ph\u1ea3i lu\u00f4n c\u00f3 m\u1eb7t tr\u00ean t\u00e0u. L\u01b0\u1ee3ng clo d\u01b0 trong b\u1ec3 ch\u1ee9a n\u01b0\u1edbc u\u1ed1ng n\u00ean n\u1eb1m trong kho\u1ea3ng t\u1eeb 0,5 \u0111\u1ebfn 2 (t\u1ed1i \u0111a) PPM, \u0111\u1ec3 \u0111\u1ea3m b\u1ea3o kh\u1ea3 n\u0103ng kh\u00e1ng khu\u1ea9n tr\u00ean ph\u1ea1m vi r\u1ed9ng.<\/p>\n<p>\u0110\u1ec3 c\u00f3 \u0111\u01b0\u1ee3c 2 PPM trong b\u1ec3 ch\u1ee9a n\u01b0\u1edbc u\u1ed1ng, h\u00e3y cho 20 cc CHLOR 12 cho m\u1ed7i m\u00e9t kh\u1ed1i n\u01b0\u1edbc. CHLOR 12 c\u00f3 th\u1ec3 \u0111\u01b0\u1ee3c c\u00e2n b\u1eb1ng th\u1ee7 c\u00f4ng v\u1edbi b\u01a1m \u0111\u1ecbnh t\u1ef7 l\u1ec7 ho\u1eb7c t\u1ef1 \u0111\u1ed9ng khi n\u1ea1p n\u01b0\u1edbc b\u1eb1ng h\u1ec7 th\u1ed1ng \u0111\u1ecbnh l\u01b0\u1ee3ng t\u1ef7 l\u1ec7 c\u00f3 \u0111\u1ed3ng h\u1ed3 \u0111o n\u01b0\u1edbc \u0111\u01b0\u1ee3c k\u1ebft n\u1ed1i v\u1edbi m\u1ed9t b\u01a1m \u0111\u1ecbnh l\u01b0\u1ee3ng t\u1ef7 l\u1ec7 \u0111\u1eb7c bi\u1ec7t. \u0110\u1ec3 thu \u0111\u01b0\u1ee3c 20 cc m\u1ed7i t\u1ea5n CHLOR 12 (ho\u1eb7c 200 cc m\u1ed7i 10 t\u1ea5n). M\u1ed9t \u0111\u1ed3ng h\u1ed3 ph\u1ea3i \u0111\u01b0\u1ee3c l\u1eafp \u0111\u1eb7t v\u00e0 cung c\u1ea5p CHLOR 12 c\u1ee9 sau 50l n\u01b0\u1edbc ch\u1ea3y trong \u1ed1ng.<\/p>\n<p>Ngo\u00e0i ra, c\u00f3 th\u1ec3 s\u1eed d\u1ee5ng \u0111\u1ed3ng h\u1ed3 \u0111o ngo\u1ea1i c\u1ee1 (t\u1ee9c l\u00e0 c\u1ee9 sau 10 l\u00edt). Trong tr\u01b0\u1eddng h\u1ee3p n\u00e0y, dung d\u1ecbch natri hypoclorit ph\u1ea3i \u0111\u01b0\u1ee3c pha lo\u00e3ng v\u1edbi n\u01b0\u1edbc ho\u1eb7c b\u01a1m \u0111\u1ecbnh l\u01b0\u1ee3ng ph\u1ea3i \u0111\u01b0\u1ee3c c\u00e0i \u0111\u1eb7t \u0111\u1ec3 c\u00f3 m\u1ed9t qu\u00e1 tr\u00ecnh b\u01a1m c\u1ee9 sau 50l. Tham kh\u1ea3o \u00fd ki\u1ebfn K\u1ef9 s\u01b0 D\u1ecbch v\u1ee5 MARICO \u0111\u1ec3 kh\u1eed tr\u00f9ng b\u1ec3 b\u01a1i v\u00e0 b\u1ec3 s\u1ee5c.<\/p>\n<h2><span class=\"ez-toc-section\" id=\"4_Chu_y_an_toan\"><\/span>4. Ch\u00fa \u00fd an to\u00e0n<span class=\"ez-toc-section-end\"><\/span><\/h2>\n<p>Theo c\u00e1c ch\u1ec9 th\u1ecb m\u1edbi nh\u1ea5t c\u1ee7a H\u1ed9i \u0111\u1ed3ng EEC, s\u1ea3n ph\u1ea9m n\u00e0y ph\u1ea3i c\u1ea7n \u0111\u01b0\u1ee3c ch\u00fa \u00fd t\u1edbi:<\/p>\n<ul>\n<li>R31 : Ti\u1ebfp x\u00fac v\u1edbi ax\u00edt gi\u1ea3i ph\u00f3ng kh\u00ed \u0111\u1ed9c<\/li>\n<li>R34 : G\u00e2y b\u1ecfng<\/li>\n<li>S2 : \u0110\u1ec3 xa t\u1ea7m tay tr\u1ebb em<\/li>\n<li>S28 : Sau khi ti\u1ebfp x\u00fac v\u1edbi da, r\u1eeda ngay v\u1edbi nhi\u1ec1u n\u01b0\u1edbc<\/li>\n<li>S50 : Kh\u00f4ng tr\u1ed9n l\u1eabn v\u1edbi axit<\/li>\n<li>S45 : Trong tr\u01b0\u1eddng h\u1ee3p tai n\u1ea1n ho\u1eb7c n\u1ebfu b\u1ea1n c\u1ea3m th\u1ea5y kh\u00f4ng kh\u1ecfe, h\u00e3y t\u00ecm t\u01b0 v\u1ea5n y t\u1ebf ngay l\u1eadp t\u1ee9c.<\/li>\n<\/ul>\n<p>Ch\u1ee9a kho\u1ea3ng.t\u1ed1i \u0111a 15% clo ho\u1ea1t t\u00ednh t\u1ea1i th\u1eddi \u0111i\u1ec3m s\u1ea3n xu\u1ea5t.<\/p>\n<p>K\u00fd hi\u1ec7u: C (\u0102n m\u00f2n)<\/p>\n<h2><span class=\"ez-toc-section\" id=\"5_Cac_bien_phap_bao_quan_va_xu_ly\"><\/span>5. C\u00e1c bi\u1ec7n ph\u00e1p b\u1ea3o qu\u1ea3n v\u00e0 x\u1eed l\u00fd<span class=\"ez-toc-section-end\"><\/span><\/h2>\n<h3><span class=\"ez-toc-section\" id=\"51_Bien_phap_bao_quan_ky_thuat\"><\/span>5.1. Bi\u1ec7n ph\u00e1p b\u1ea3o qu\u1ea3n k\u1ef9 thu\u1eadt<span class=\"ez-toc-section-end\"><\/span><\/h3>\n<ul>\n<li>T\u1ea1i kho: Gi\u1eef k\u00edn c\u00e1c th\u00f9ng ch\u1ee9a v\u00e0 \u0111\u1eb7t trong m\u1ed9t n\u01a1i t\u1ed1i, th\u00f4ng gi\u00f3 t\u1ed1t.<\/li>\n<li>Khi s\u1eed d\u1ee5ng: C\u1ea7n s\u1eed d\u1ee5ng thi\u1ebft b\u1ecb b\u1ea3o h\u1ed9 c\u00e1 nh\u00e2n \/ B\u1ea3o v\u1ec7 h\u00f4 h\u1ea5p<\/li>\n<li>B\u1ea3o v\u1ec7 tay: G\u0103ng tay (PVC)<\/li>\n<li>B\u1ea3o v\u1ec7 m\u1eb7t: K\u00ednh b\u1ea3o v\u1ec7<\/li>\n<li>Kh\u00e1c: V\u1ec7 sinh c\u00f4ng nghi\u1ec7p \/ Tr\u00e1nh xa th\u1ee9c \u0103n, n\u01b0\u1edbc u\u1ed1ng v\u00e0 th\u1ee9c \u0103n gia s\u00fac. Ngay l\u1eadp t\u1ee9c c\u1edfi b\u1ecf t\u1ea5t c\u1ea3 qu\u1ea7n \u00e1o b\u1ecb nhi\u1ec5m b\u1ea9n.<\/li>\n<li>Ph\u00f2ng ch\u1ed1ng ch\u00e1y\/n\u1ed5: Trong tr\u01b0\u1eddng h\u1ee3p h\u1ecfa ho\u1ea1n, l\u00e0m m\u00e1t th\u00f9ng ch\u1ee9a b\u1eb1ng v\u00f2i phun n\u01b0\u1edbc<\/li>\n<li>X\u1eed l\u00fd sau khi s\u1eed d\u1ee5ng\/v\u1ee9t b\u1ecf: C\u1ea7n \u0111\u01b0\u1ee3c x\u1eed l\u00fd theo h\u01b0\u1edbng d\u1eabn ch\u1ec9 \u0111\u1ecbnh<\/li>\n<\/ul>\n<h3><span class=\"ez-toc-section\" id=\"52_Thong_tin_doc_tinh\"><\/span>5.2. Th\u00f4ng tin \u0111\u1ed9c t\u00ednh<span class=\"ez-toc-section-end\"><\/span><\/h3>\n<ul>\n<li>H\u00edt ph\u1ea3i:\u00a0 Cay, \u0111au h\u1ecdng, ho, kh\u00f3 th\u1edf<\/li>\n<li>Da: \u0110\u1ecf, \u0111au<\/li>\n<li>M\u1eaft: Ph\u1ecfng, \u0111\u1ecf, \u0111au, m\u1edd m\u1eaft<\/li>\n<li>Nu\u1ed1t ph\u1ea3i: Ph\u1ecfng, \u0111au h\u1ecdng, co th\u1eaft b\u1ee5ng, n\u00f4n m\u1eeda<\/li>\n<\/ul>\n<h3><span class=\"ez-toc-section\" id=\"53_Thong_tin_tac_dong_he_sinh_thai\"><\/span>5.3. Th\u00f4ng tin t\u00e1c \u0111\u1ed9ng h\u1ec7 sinh th\u00e1i<span class=\"ez-toc-section-end\"><\/span><\/h3>\n<p>Vi\u1ec7c \u0111\u1ed5 s\u1ea3n ph\u1ea9m v\u00e0o n\u01b0\u1edbc c\u00f3 th\u1ec3 g\u00e2y h\u1ea1i cho c\u00e1 v\u00e0 c\u00e1c sinh v\u1eadt d\u01b0\u1edbi n\u01b0\u1edbc do l\u00e0m t\u0103ng \u0111\u1ed9 pH v\u00e0 gi\u1ea3i ph\u00f3ng clo.<\/p>\n<h3><span class=\"ez-toc-section\" id=\"54_Bien_phap_trong_truong_hop_tai_nan_chay_no\"><\/span>5.4. Bi\u1ec7n ph\u00e1p trong tr\u01b0\u1eddng h\u1ee3p tai n\u1ea1n, ch\u00e1y n\u1ed5<span class=\"ez-toc-section-end\"><\/span><\/h3>\n<p>Sau khi tr\u00e0n \u0111\u1ed5\/r\u00f2 r\u1ec9\/r\u00f2 r\u1ec9 kh\u00ed gas: Thu gom ch\u1ea5t l\u1ecfng r\u00f2 r\u1ec9 v\u00e0o th\u00f9ng ch\u1ee9a c\u00f3 th\u1ec3 b\u1ecbt k\u00edn, r\u1eeda s\u1ea1ch v\u1edbi l\u01b0\u1ee3ng n\u01b0\u1edbc l\u1edbn.<\/p>\n<h3><span class=\"ez-toc-section\" id=\"55_Bien_phap_so_cuu\"><\/span>5.5. Bi\u1ec7n ph\u00e1p s\u01a1 c\u1ee9u<span class=\"ez-toc-section-end\"><\/span><\/h3>\n<ul>\n<li>H\u00edt ph\u1ea3i: Tho\u00e1ng kh\u00ed, ngh\u1ec9 ng\u01a1i, \u0111\u1eb7t \u1edf t\u01b0 th\u1ebf n\u1eeda ho\u1eb7c \u0111\u1ee9ng th\u1eb3ng v\u00e0 v\u1eadn chuy\u1ec3n \u0111\u1ebfn b\u1ec7nh vi\u1ec7n.<\/li>\n<li>Ti\u1ebfp x\u00fac v\u1edbi da: C\u1edfi b\u1ecf qu\u1ea7n \u00e1o b\u1ecb nhi\u1ec5m b\u1ea9n, r\u1eeda s\u1ea1ch v\u00f9ng ti\u1ebfp x\u00fac b\u1eb1ng nhi\u1ec1u n\u01b0\u1edbc ho\u1eb7c v\u00f2i hoa sen v\u00e0 g\u1ecdi m\u1ed9t b\u00e1c s\u0129, n\u1ebfu c\u1ea7n thi\u1ebft.<\/li>\n<li>Ti\u1ebfp x\u00fac v\u1edbi m\u1eaft: \u0110\u1ea7u ti\u00ean r\u1eeda s\u1ea1ch v\u1edbi nhi\u1ec1u n\u01b0\u1edbc, sau \u0111\u00f3 v\u1eadn chuy\u1ec3n \u0111\u1ebfn b\u00e1c s\u0129.<\/li>\n<li>Nu\u1ed1t ph\u1ea3i: S\u00fac mi\u1ec7ng, cho u\u1ed1ng nhi\u1ec1u n\u01b0\u1edbc v\u00e0 \u0111\u01b0a ngay \u0111\u1ebfn b\u1ec7nh vi\u1ec7n.<\/li>\n<\/ul>\n","protected":false},"excerpt":{"rendered":"<p>H&Oacute;A CH&#7844;T X&#7916; L&Yacute; N&#431;&#7898;C X&#7842;N XU&#7844;T &ndash; CHLOR 12 1. &#7912;ng d&#7909;ng &#272;&#432;&#7907;c s&#7917; d&#7909;ng &#273;&#7875; kh&#7917; tr&ugrave;ng n&#432;&#7899;c u&#7889;ng trong h&#7879; th&#7889;ng d&#7851;n n&#432;&#7899;c tr&ecirc;n t&agrave;u v&agrave; &#273;&#7875; kh&#7917; tr&ugrave;ng n&#432;&#7899;c th&#7843;i c&ograve;n s&oacute;t l&#7841;i t&#7915; qu&aacute; tr&igrave;nh [&hellip;]<\/p>\n","protected":false},"featured_media":0,"comment_status":"open","ping_status":"closed","template":"","meta":[],"product_cat":[872],"product_tag":[],"acf":[],"_links":{"self":[{"href":"https:\/\/marico.com.vn\/en\/wp-json\/wp\/v2\/product\/20758"}],"collection":[{"href":"https:\/\/marico.com.vn\/en\/wp-json\/wp\/v2\/product"}],"about":[{"href":"https:\/\/marico.com.vn\/en\/wp-json\/wp\/v2\/types\/product"}],"replies":[{"embeddable":true,"href":"https:\/\/marico.com.vn\/en\/wp-json\/wp\/v2\/comments?post=20758"}],"version-history":[{"count":0,"href":"https:\/\/marico.com.vn\/en\/wp-json\/wp\/v2\/product\/20758\/revisions"}],"wp:attachment":[{"href":"https:\/\/marico.com.vn\/en\/wp-json\/wp\/v2\/media?parent=20758"}],"wp:term":[{"taxonomy":"product_cat","embeddable":true,"href":"https:\/\/marico.com.vn\/en\/wp-json\/wp\/v2\/product_cat?post=20758"},{"taxonomy":"product_tag","embeddable":true,"href":"https:\/\/marico.com.vn\/en\/wp-json\/wp\/v2\/product_tag?post=20758"}],"curies":[{"name":"wp","href":"https:\/\/api.w.org\/{rel}","templated":true}]}}