{"id":20763,"date":"2023-07-29T10:08:57","date_gmt":"2023-07-29T03:08:57","guid":{"rendered":"https:\/\/marico.com.vn\/ro-osmo-clean-3\/"},"modified":"2023-07-29T10:08:57","modified_gmt":"2023-07-29T03:08:57","slug":"ro-osmo-clean-3","status":"publish","type":"product","link":"https:\/\/marico.com.vn\/en\/products\/ro-osmo-clean-3\/","title":{"rendered":"RO-OSMO CLEAN-3"},"content":{"rendered":"<div id=\"ez-toc-container\" class=\"ez-toc-v2_0_58 counter-hierarchy ez-toc-counter ez-toc-light-blue ez-toc-container-direction\">\n<div class=\"ez-toc-title-container\">\n<p class=\"ez-toc-title \" >N\u1ed9i dung b&agrave;i vi\u1ebft<\/p>\n<span class=\"ez-toc-title-toggle\"><a href=\"#\" class=\"ez-toc-pull-right ez-toc-btn ez-toc-btn-xs ez-toc-btn-default ez-toc-toggle\" aria-label=\"Toggle Table of Content\" role=\"button\"><label for=\"item-69e3568a5352f\" ><span class=\"\"><span class=\"eztoc-hide\" style=\"display:none;\">Toggle<\/span><span class=\"ez-toc-icon-toggle-span\"><svg style=\"fill: #999;color:#999\" xmlns=\"http:\/\/www.w3.org\/2000\/svg\" class=\"list-377408\" width=\"20px\" height=\"20px\" viewBox=\"0 0 24 24\" fill=\"none\"><path d=\"M6 6H4v2h2V6zm14 0H8v2h12V6zM4 11h2v2H4v-2zm16 0H8v2h12v-2zM4 16h2v2H4v-2zm16 0H8v2h12v-2z\" fill=\"currentColor\"><\/path><\/svg><svg style=\"fill: #999;color:#999\" class=\"arrow-unsorted-368013\" xmlns=\"http:\/\/www.w3.org\/2000\/svg\" width=\"10px\" height=\"10px\" viewBox=\"0 0 24 24\" version=\"1.2\" baseProfile=\"tiny\"><path d=\"M18.2 9.3l-6.2-6.3-6.2 6.3c-.2.2-.3.4-.3.7s.1.5.3.7c.2.2.4.3.7.3h11c.3 0 .5-.1.7-.3.2-.2.3-.5.3-.7s-.1-.5-.3-.7zM5.8 14.7l6.2 6.3 6.2-6.3c.2-.2.3-.5.3-.7s-.1-.5-.3-.7c-.2-.2-.4-.3-.7-.3h-11c-.3 0-.5.1-.7.3-.2.2-.3.5-.3.7s.1.5.3.7z\"\/><\/svg><\/span><\/span><\/label><input aria-label=\"Toggle\" aria-label=\"item-69e3568a5352f\"  type=\"checkbox\" id=\"item-69e3568a5352f\"><\/a><\/span><\/div>\n<nav><ul class='ez-toc-list ez-toc-list-level-1 eztoc-toggle-hide-by-default' ><li class='ez-toc-page-1 ez-toc-heading-level-1'><a class=\"ez-toc-link ez-toc-heading-1\" href=\"https:\/\/marico.com.vn\/en\/products\/ro-osmo-clean-3\/#HOA_CHAT_XU_LY_NUOC_XAN_XUAT_%E2%80%93_RO-OSMO_CLEAN-3\" title=\"H\u00d3A CH\u1ea4T X\u1eec L\u00dd N\u01af\u1edaC X\u1ea2N XU\u1ea4T &#8211; RO-OSMO CLEAN-3\">H\u00d3A CH\u1ea4T X\u1eec L\u00dd N\u01af\u1edaC X\u1ea2N XU\u1ea4T &#8211; RO-OSMO CLEAN-3<\/a><ul class='ez-toc-list-level-2'><li class='ez-toc-heading-level-2'><a class=\"ez-toc-link ez-toc-heading-2\" href=\"https:\/\/marico.com.vn\/en\/products\/ro-osmo-clean-3\/#1_Khai_niem\" title=\"1. Kh\u00e1i ni\u1ec7m:\">1. Kh\u00e1i ni\u1ec7m:<\/a><\/li><li class='ez-toc-page-1 ez-toc-heading-level-2'><a class=\"ez-toc-link ez-toc-heading-3\" href=\"https:\/\/marico.com.vn\/en\/products\/ro-osmo-clean-3\/#2_Dac_tinh_hoa_chat\" title=\"2. \u0110\u1eb7c t\u00ednh h\u00f3a ch\u1ea5t\">2. \u0110\u1eb7c t\u00ednh h\u00f3a ch\u1ea5t<\/a><\/li><li class='ez-toc-page-1 ez-toc-heading-level-2'><a class=\"ez-toc-link ez-toc-heading-4\" href=\"https:\/\/marico.com.vn\/en\/products\/ro-osmo-clean-3\/#3_Lieu_luong_su_dung\" title=\"3. Li\u1ec1u l\u01b0\u1ee3ng s\u1eed d\u1ee5ng:\">3. Li\u1ec1u l\u01b0\u1ee3ng s\u1eed d\u1ee5ng:<\/a><\/li><li class='ez-toc-page-1 ez-toc-heading-level-2'><a class=\"ez-toc-link ez-toc-heading-5\" href=\"https:\/\/marico.com.vn\/en\/products\/ro-osmo-clean-3\/#4_Huong_dan_su_dung\" title=\"4. H\u01b0\u1edbng d\u1eabn s\u1eed d\u1ee5ng:\">4. H\u01b0\u1edbng d\u1eabn s\u1eed d\u1ee5ng:<\/a><\/li><\/ul><\/li><\/ul><\/nav><\/div>\n<h1><span class=\"ez-toc-section\" id=\"HOA_CHAT_XU_LY_NUOC_XAN_XUAT_%E2%80%93_RO-OSMO_CLEAN-3\"><\/span>H\u00d3A CH\u1ea4T X\u1eec L\u00dd N\u01af\u1edaC X\u1ea2N XU\u1ea4T &#8211; RO-OSMO CLEAN-3<span class=\"ez-toc-section-end\"><\/span><\/h1>\n<h2><span class=\"ez-toc-section\" id=\"1_Khai_niem\"><\/span>1. Kh\u00e1i ni\u1ec7m:<span class=\"ez-toc-section-end\"><\/span><\/h2>\n<p>RO-Osmo Clean-3 l\u00e0 s\u1ef1 pha tr\u1ed9n c\u1ee7a c\u00e1c th\u00e0nh ph\u1ea7n h\u1eefu c\u01a1 c\u00f3 t\u00ednh ki\u1ec1m \u0111\u01b0\u1ee3c d\u00f9ng \u0111\u1ec3 l\u00e0m s\u1ea1ch m\u00e0ng l\u1ecdc RO hi\u1ec7u qu\u1ea3.<\/p>\n<p>RO-Osmo Clean-3 c\u0169ng hi\u1ec7u qu\u1ea3 trong vi\u1ec7c lo\u1ea1i b\u1ecf oxit s\u1eaft &amp; hydroxit nh\u01b0 Canxi cacbonat &amp; Canxi Sulfate.<\/p>\n<p>Hi\u1ec7u qu\u1ea3 cao khi s\u1eed d\u1ee5ng k\u1ebft h\u1ee3p v\u1edbi c\u00e1c ch\u1ea5t t\u1ea9y r\u1eeda c\u00f3 \u0111\u1ed9 pH cao gi\u00fap lo\u1ea1i b\u1ecf c\u00e1c ch\u1ea5t h\u1eefu c\u01a1 &amp; ch\u1ea5t nh\u1eddn vi sinh v\u1eadt. H\u01a1n n\u1eefa, n\u00f3 l\u00e0 m\u1ed9t ch\u1ea5t l\u00e0m s\u1ea1ch m\u00e0ng \u0111a n\u0103ng t\u1ed1t \u0111\u01b0\u1ee3c d\u00f9ng \u0111\u1ec3 h\u1ed7 tr\u1ee3 l\u00e0m s\u1ea1ch c\u00e1c sunfat canxi, bari v\u00e0 stronti kh\u00f4ng tan trong axit, c\u0169ng nh\u01b0 d\u1ea5u v\u1ebft c\u1ee7a canxi florua.<\/p>\n<p>Trong qu\u00e1 tr\u00ecnh ho\u1ea1t \u0111\u1ed9ng b\u00ecnh th\u01b0\u1eddng, m\u00e0ng th\u1ea9m th\u1ea5u ng\u01b0\u1ee3c &amp; c\u00e1c m\u00e0ng kh\u00e1c c\u00f3 th\u1ec3 b\u1ecb t\u1eafc ngh\u1ebdn, \u0111i\u1ec1u n\u00e0y l\u00e0m gi\u1ea3m \u0111\u00e1ng k\u1ec3 hi\u1ec7u qu\u1ea3 c\u1ee7a h\u1ec7 th\u1ed1ng v\u00e0 ho\u1ea1t \u0111\u1ed9ng b\u00ecnh th\u01b0\u1eddng g\u00e2y ra gi\u1ea3m l\u01b0u l\u01b0\u1ee3ng \u0111\u01b0\u1ee3c chu\u1ea9n h\u00f3a.<\/p>\n<p>T\u00e1c \u0111\u1ed9ng c\u1ee7a vi\u1ec7c t\u1eafc ngh\u1ebdn c\u00f3 th\u1ec3 d\u1eabn \u0111\u1ebfn ch\u1ea5t l\u01b0\u1ee3ng n\u01b0\u1edbc k\u00e9m, s\u1ea3n xu\u1ea5t b\u1ecb th\u1ea5t tho\u00e1t, th\u1eddi gian ng\u1eebng ho\u1ea1t \u0111\u1ed9ng \u0111\u1ed9t xu\u1ea5t v\u00e0 bu\u1ed9c ph\u1ea3i thay m\u00e0ng m\u1edbi. Vi\u1ec7c c\u00f3 m\u1ed9t k\u1ebf ho\u1ea1ch l\u00e0m s\u1ea1ch v\u00e0 b\u1ea3o tr\u00ec th\u01b0\u1eddng xuy\u00ean c\u00f3 th\u1ec3 mang l\u1ea1i l\u1ee3i \u00edch \u0111\u00e1ng k\u1ec3 b\u1eb1ng c\u00e1ch k\u00e9o d\u00e0i th\u1eddi gian ch\u1ea1y h\u1ec7 th\u1ed1ng, ng\u0103n ng\u1eeba s\u1ef1 xu\u1ed1ng c\u1ea5p c\u1ee7a m\u00e0ng, duy tr\u00ec \u00e1p su\u1ea5t n\u1ea1p th\u1ea5p h\u01a1n v\u00e0 k\u00e9o d\u00e0i tu\u1ed5i th\u1ecd c\u1ee7a m\u00e0ng.<\/p>\n<h2><span class=\"ez-toc-section\" id=\"2_Dac_tinh_hoa_chat\"><\/span>2. \u0110\u1eb7c t\u00ednh h\u00f3a ch\u1ea5t<span class=\"ez-toc-section-end\"><\/span><\/h2>\n<ul>\n<li>D\u1ea1ng h\u00f3a ch\u1ea5t: Ch\u1ea5t l\u1ecfng<\/li>\n<li>M\u00e0u s\u1eafc: V\u00e0ng\/ H\u1ed5 ph\u00e1ch<\/li>\n<li>Tr\u1ecdng l\u01b0\u1ee3ng ri\u00eang:\u00a0 1,0 &#8211; 1,3<\/li>\n<li>pH: &gt;10,0<\/li>\n<li>\u0110\u1ed9 h\u00f2a tan trong n\u01b0\u1edbc: C\u00f3<\/li>\n<\/ul>\n<h2><span class=\"ez-toc-section\" id=\"3_Lieu_luong_su_dung\"><\/span>3. Li\u1ec1u l\u01b0\u1ee3ng s\u1eed d\u1ee5ng:<span class=\"ez-toc-section-end\"><\/span><\/h2>\n<p>Dung d\u1ecbch t\u1ea9y r\u1eeda n\u00ean \u0111\u01b0\u1ee3c pha b\u1eb1ng n\u01b0\u1edbc kh\u00f4ng ch\u1ee9a clo \u0111\u1ec3 t\u1ea1o ra dung d\u1ecbch RO-Osmo Clean-3 1\u20133%. Th\u01b0\u1eddng c\u00f3 th\u1ec3 theo d\u00f5i ti\u1ebfn \u0111\u1ed9 l\u00e0m s\u1ea1ch m\u00e0ng l\u1ecdc b\u1eb1ng c\u00e1ch theo d\u00f5i \u0111\u1ed9 k\u1ebft t\u1ee7a c\u1ee7a mu\u1ed1i trong dung d\u1ecbch l\u00e0m s\u1ea1ch, S\u1eed d\u1ee5ng B\u1ed9 ki\u1ec3m tra Unimarine \u0111\u1ec3 ki\u1ec3m tra v\u00e0 theo d\u00f5i.<\/p>\n<p>Khi s\u1eed d\u1ee5ng RO-Osmo Clean-3 \u0111\u1ec3 lo\u1ea1i b\u1ecf c\u1eb7n Canxi Sulfate &amp; Canxi Fluoride, dung d\u1ecbch l\u00e0m s\u1ea1ch ph\u1ea3i \u0111\u01b0\u1ee3c \u0111i\u1ec1u ch\u1ec9nh v\u1ec1 \u0111\u1ed9 pH 9,0\u201310,0 b\u1eb1ng c\u00e1ch th\u00eam HCl ho\u1eb7c C.Soda pha lo\u00e3ng. C\u00e1ch t\u1ed1t nh\u1ea5t l\u00e0 ng\u00e2m 2-3 gi\u1edd sau \u0111\u00f3 lu\u00e2n chuy\u1ec3n 2-3 gi\u1edd. L\u1eb7p l\u1ea1i c\u00e1c b\u01b0\u1edbc n\u00e0y trong 24 gi\u1edd. Ch\u1ea5t di\u1ec7t khu\u1ea9n c\u0169ng c\u00f3 th\u1ec3 \u0111\u01b0\u1ee3c d\u00f9ng \u1edf n\u01a1i c\u00f3 c\u1eb7n b\u1ea9n sinh h\u1ecdc. Tr\u01b0\u1edbc khi \u0111\u01b0a h\u1ec7 th\u1ed1ng tr\u1edf l\u1ea1i ho\u1ea1t \u0111\u1ed9ng, h\u1ec7 th\u1ed1ng ph\u1ea3i \u0111\u01b0\u1ee3c x\u1ea3 k\u1ef9 trong 30 ph\u00fat.<\/p>\n<p>\u0110i\u1ec1u n\u00e0y c\u00f3 th\u1ec3 \u0111\u01b0\u1ee3c th\u1ef1c hi\u1ec7n b\u1eb1ng c\u00e1ch x\u1ea3 k\u1ef9 cho \u0111\u1ebfn khi n\u01b0\u1edbc x\u1ea3 ra kh\u1ecfi m\u00e0ng c\u00f3 c\u00f9ng gi\u00e1 tr\u1ecb pH nh\u01b0 n\u01b0\u1edbc x\u1ea3 v\u00e0o h\u1ec7 th\u1ed1ng.<\/p>\n<h2><span class=\"ez-toc-section\" id=\"4_Huong_dan_su_dung\"><\/span>4. H\u01b0\u1edbng d\u1eabn s\u1eed d\u1ee5ng:<span class=\"ez-toc-section-end\"><\/span><\/h2>\n<p>RO-Osmo Clean-3 ch\u1ec9 d\u00e0nh cho m\u1ee5c \u0111\u00edch l\u00e0m s\u1ea1ch.<\/p>\n","protected":false},"excerpt":{"rendered":"<p>H&Oacute;A CH&#7844;T X&#7916; L&Yacute; N&#431;&#7898;C X&#7842;N XU&#7844;T &ndash; RO-OSMO CLEAN-3 1. Kh&aacute;i ni&#7879;m: RO-Osmo Clean-3 l&agrave; s&#7921; pha tr&#7897;n c&#7911;a c&aacute;c th&agrave;nh ph&#7847;n h&#7919;u c&#417; c&oacute; t&iacute;nh ki&#7873;m &#273;&#432;&#7907;c d&ugrave;ng &#273;&#7875; l&agrave;m s&#7841;ch m&agrave;ng l&#7885;c RO hi&#7879;u qu&#7843;. RO-Osmo Clean-3 [&hellip;]<\/p>\n","protected":false},"featured_media":0,"comment_status":"open","ping_status":"closed","template":"","meta":[],"product_cat":[872],"product_tag":[],"acf":[],"_links":{"self":[{"href":"https:\/\/marico.com.vn\/en\/wp-json\/wp\/v2\/product\/20763"}],"collection":[{"href":"https:\/\/marico.com.vn\/en\/wp-json\/wp\/v2\/product"}],"about":[{"href":"https:\/\/marico.com.vn\/en\/wp-json\/wp\/v2\/types\/product"}],"replies":[{"embeddable":true,"href":"https:\/\/marico.com.vn\/en\/wp-json\/wp\/v2\/comments?post=20763"}],"version-history":[{"count":0,"href":"https:\/\/marico.com.vn\/en\/wp-json\/wp\/v2\/product\/20763\/revisions"}],"wp:attachment":[{"href":"https:\/\/marico.com.vn\/en\/wp-json\/wp\/v2\/media?parent=20763"}],"wp:term":[{"taxonomy":"product_cat","embeddable":true,"href":"https:\/\/marico.com.vn\/en\/wp-json\/wp\/v2\/product_cat?post=20763"},{"taxonomy":"product_tag","embeddable":true,"href":"https:\/\/marico.com.vn\/en\/wp-json\/wp\/v2\/product_tag?post=20763"}],"curies":[{"name":"wp","href":"https:\/\/api.w.org\/{rel}","templated":true}]}}