{"id":20766,"date":"2023-07-29T09:22:13","date_gmt":"2023-07-29T02:22:13","guid":{"rendered":"https:\/\/marico.com.vn\/ro-bisulphite-38-40-liquid\/"},"modified":"2023-07-29T09:22:13","modified_gmt":"2023-07-29T02:22:13","slug":"ro-bisulphite-38-40-liquid","status":"publish","type":"product","link":"https:\/\/marico.com.vn\/en\/products\/ro-bisulphite-38-40-liquid\/","title":{"rendered":"RO BISULPHITE 38-40% LIQUID"},"content":{"rendered":"<div id=\"ez-toc-container\" class=\"ez-toc-v2_0_58 counter-hierarchy ez-toc-counter ez-toc-light-blue ez-toc-container-direction\">\n<div class=\"ez-toc-title-container\">\n<p class=\"ez-toc-title \" >N\u1ed9i dung b&agrave;i vi\u1ebft<\/p>\n<span class=\"ez-toc-title-toggle\"><a href=\"#\" class=\"ez-toc-pull-right ez-toc-btn ez-toc-btn-xs ez-toc-btn-default ez-toc-toggle\" aria-label=\"Toggle Table of Content\" role=\"button\"><label for=\"item-6a080d18cd720\" ><span class=\"\"><span class=\"eztoc-hide\" style=\"display:none;\">Toggle<\/span><span class=\"ez-toc-icon-toggle-span\"><svg style=\"fill: #999;color:#999\" xmlns=\"http:\/\/www.w3.org\/2000\/svg\" class=\"list-377408\" width=\"20px\" height=\"20px\" viewBox=\"0 0 24 24\" fill=\"none\"><path d=\"M6 6H4v2h2V6zm14 0H8v2h12V6zM4 11h2v2H4v-2zm16 0H8v2h12v-2zM4 16h2v2H4v-2zm16 0H8v2h12v-2z\" fill=\"currentColor\"><\/path><\/svg><svg style=\"fill: #999;color:#999\" class=\"arrow-unsorted-368013\" xmlns=\"http:\/\/www.w3.org\/2000\/svg\" width=\"10px\" height=\"10px\" viewBox=\"0 0 24 24\" version=\"1.2\" baseProfile=\"tiny\"><path d=\"M18.2 9.3l-6.2-6.3-6.2 6.3c-.2.2-.3.4-.3.7s.1.5.3.7c.2.2.4.3.7.3h11c.3 0 .5-.1.7-.3.2-.2.3-.5.3-.7s-.1-.5-.3-.7zM5.8 14.7l6.2 6.3 6.2-6.3c.2-.2.3-.5.3-.7s-.1-.5-.3-.7c-.2-.2-.4-.3-.7-.3h-11c-.3 0-.5.1-.7.3-.2.2-.3.5-.3.7s.1.5.3.7z\"\/><\/svg><\/span><\/span><\/label><input aria-label=\"Toggle\" aria-label=\"item-6a080d18cd720\"  type=\"checkbox\" id=\"item-6a080d18cd720\"><\/a><\/span><\/div>\n<nav><ul class='ez-toc-list ez-toc-list-level-1 eztoc-toggle-hide-by-default' ><li class='ez-toc-page-1 ez-toc-heading-level-1'><a class=\"ez-toc-link ez-toc-heading-1\" href=\"https:\/\/marico.com.vn\/en\/products\/ro-bisulphite-38-40-liquid\/#HOA_CHAT_XU_LY_NUOC_XAN_XUAT_%E2%80%93_RO_BISULPHITE_38-40_LIQUID\" title=\"H\u00d3A CH\u1ea4T X\u1eec L\u00dd N\u01af\u1edaC X\u1ea2N XU\u1ea4T &#8211; RO BISULPHITE 38-40% LIQUID\">H\u00d3A CH\u1ea4T X\u1eec L\u00dd N\u01af\u1edaC X\u1ea2N XU\u1ea4T &#8211; RO BISULPHITE 38-40% LIQUID<\/a><ul class='ez-toc-list-level-2'><li class='ez-toc-heading-level-2'><a class=\"ez-toc-link ez-toc-heading-2\" href=\"https:\/\/marico.com.vn\/en\/products\/ro-bisulphite-38-40-liquid\/#1_Khai_niem\" title=\"1. Kh\u00e1i ni\u1ec7m\">1. Kh\u00e1i ni\u1ec7m<\/a><\/li><li class='ez-toc-page-1 ez-toc-heading-level-2'><a class=\"ez-toc-link ez-toc-heading-3\" href=\"https:\/\/marico.com.vn\/en\/products\/ro-bisulphite-38-40-liquid\/#2_Huong_dan_su_dung\" title=\"2. H\u01b0\u1edbng d\u1eabn s\u1eed d\u1ee5ng\">2. H\u01b0\u1edbng d\u1eabn s\u1eed d\u1ee5ng<\/a><ul class='ez-toc-list-level-3'><li class='ez-toc-heading-level-3'><a class=\"ez-toc-link ez-toc-heading-4\" href=\"https:\/\/marico.com.vn\/en\/products\/ro-bisulphite-38-40-liquid\/#21_Khu_Clo\" title=\"2.1 Kh\u1eed Clo\">2.1 Kh\u1eed Clo<\/a><\/li><li class='ez-toc-page-1 ez-toc-heading-level-3'><a class=\"ez-toc-link ez-toc-heading-5\" href=\"https:\/\/marico.com.vn\/en\/products\/ro-bisulphite-38-40-liquid\/#22_Lap_dat_va_bao_quan_cac_mang_loc_Nano_va_he_thong_Tham_thau_nguoc_Mang_loc_polyamit_TFC_CPA\" title=\"2.2 L\u1eafp \u0111\u1eb7t v\u00e0 b\u1ea3o qu\u1ea3n c\u00e1c m\u00e0ng l\u1ecdc Nano v\u00e0 h\u1ec7 th\u1ed1ng Th\u1ea9m th\u1ea5u ng\u01b0\u1ee3c (M\u00e0ng l\u1ecdc polyamit, TFC, CPA)\">2.2 L\u1eafp \u0111\u1eb7t v\u00e0 b\u1ea3o qu\u1ea3n c\u00e1c m\u00e0ng l\u1ecdc Nano v\u00e0 h\u1ec7 th\u1ed1ng Th\u1ea9m th\u1ea5u ng\u01b0\u1ee3c (M\u00e0ng l\u1ecdc polyamit, TFC, CPA)<\/a><\/li><\/ul><\/li><li class='ez-toc-page-1 ez-toc-heading-level-2'><a class=\"ez-toc-link ez-toc-heading-6\" href=\"https:\/\/marico.com.vn\/en\/products\/ro-bisulphite-38-40-liquid\/#3_Cong_dung_chinh\" title=\"3. C\u00f4ng d\u1ee5ng ch\u00ednh\">3. C\u00f4ng d\u1ee5ng ch\u00ednh<\/a><\/li><\/ul><\/li><\/ul><\/nav><\/div>\n<h1><span class=\"ez-toc-section\" id=\"HOA_CHAT_XU_LY_NUOC_XAN_XUAT_%E2%80%93_RO_BISULPHITE_38-40_LIQUID\"><\/span>H\u00d3A CH\u1ea4T X\u1eec L\u00dd N\u01af\u1edaC X\u1ea2N XU\u1ea4T &#8211; RO BISULPHITE 38-40% LIQUID<span class=\"ez-toc-section-end\"><\/span><\/h1>\n<h2><span class=\"ez-toc-section\" id=\"1_Khai_niem\"><\/span>1. Kh\u00e1i ni\u1ec7m<span class=\"ez-toc-section-end\"><\/span><\/h2>\n<p>RO Bisulphite 38-40% Liquid l\u00e0 dung d\u1ecbch natri hydro sulphite (natri bisulphite) \u0111\u01b0\u1ee3c s\u1eed d\u1ee5ng trong vi\u1ec7c b\u1ea3o qu\u1ea3n m\u00e0ng l\u1ecdc n\u01b0\u1edbc RO v\u00e0 l\u00e0m ch\u1ea5t kh\u1eed clo.<\/p>\n<h2><span class=\"ez-toc-section\" id=\"2_Huong_dan_su_dung\"><\/span>2. H\u01b0\u1edbng d\u1eabn s\u1eed d\u1ee5ng<span class=\"ez-toc-section-end\"><\/span><\/h2>\n<h3><span class=\"ez-toc-section\" id=\"21_Khu_Clo\"><\/span>2.1 Kh\u1eed Clo<span class=\"ez-toc-section-end\"><\/span><\/h3>\n<p>N\u1ebfu n\u01b0\u1edbc c\u1ea5p cho h\u1ec7 th\u1ed1ng l\u1ecdc n\u01b0\u1edbc RO c\u00f3 ch\u1ee9a clo t\u1ef1 do, c\u1ea7n ph\u1ea3i \u0111\u01b0\u1ee3c lo\u1ea1i b\u1ecf Clo n\u1ebfu kh\u00f4ng n\u00f3 c\u00f3 th\u1ec3 l\u00e0m h\u1ecfng m\u00e0ng l\u1ecdc n\u01b0\u1edbc RO. RO Bisulphite 38-40% l\u00e0 dung d\u1ecbch l\u1ecfng c\u00f3 ch\u1ee9a Natri Bisulphite (NaHSO3), khi \u0111\u01b0\u1ee3c s\u1eed d\u1ee5ng \u0111\u1ec3 x\u1eed l\u00fd n\u01b0\u1edbc v\u1edbi m\u1ee5c \u0111\u00edch kh\u1eed Clo, RO Bisulphite 38-40% ph\u1ea3n \u1ee9ng v\u1edbi clo t\u1ef1 do theo ph\u01b0\u01a1ng tr\u00ecnh ph\u1ea3n \u1ee9ng sau \u0111\u00e2y:<\/p>\n<p>2NaHSO3 + 2HOCl \u2192 H2SO4 + 2HCl + Na2SO4<\/p>\n<p>T\u1ef7 l\u1ec7 li\u1ec1u l\u01b0\u1ee3ng 3,66ml\/m3 RO Bisulphite n\u00ean \u0111\u01b0\u1ee3c \u00e1p d\u1ee5ng cho m\u1ed7i 1PPM Clo t\u1ef1 do trong n\u01b0\u1edbc c\u1ea5p. S\u1eed d\u1ee5ng b\u1ed9 d\u1ee5ng c\u1ee5 ki\u1ec3m tra Clo ph\u00f9 h\u1ee3p \u0111\u1ec3 theo d\u00f5i m\u1ee9c gi\u1ea3m n\u1ed3ng \u0111\u1ed9 Clo t\u1ef1 do. \u0110\u1ed1i v\u1edbi vi\u1ec7c s\u1eed d\u1ee5ng li\u00ean t\u1ee5c, n\u00ean s\u1eed d\u1ee5ng b\u1ec3 ch\u1ee9a v\u00e0 b\u01a1m \u0111\u1ecbnh l\u01b0\u1ee3ng h\u00f3a ch\u1ea5t ph\u00f9 h\u1ee3p.<\/p>\n<p>Tuy nhi\u00ean, n\u1ebfu m\u1ee9c Clo t\u1ef1 do cao, n\u00ean \u0111\u1ecbnh l\u01b0\u1ee3ng dung d\u1ecbch tr\u01b0\u1edbc th\u1eddi \u0111i\u1ec3m s\u1eed d\u1ee5ng ch\u1ea5t ch\u1ed1ng \u0111\u00f3ng c\u1eb7n (ho\u1eb7c \u0111i\u1ec1u ch\u1ec9nh li\u1ec1u l\u01b0\u1ee3ng ch\u1ea5t ch\u1ed1ng \u0111\u00f3ng c\u1eb7n \u0111\u1ec3 b\u00f9 cho s\u1ef1 ph\u00e1 ho\u1ea1i c\u1ee7a ch\u1ea5t Clo, v\u00ec m\u1ed9t s\u1ed1 ch\u1ea5t ch\u1ed1ng \u0111\u00f3ng c\u1eb7n b\u1ecb Clo t\u1ef1 do t\u1ea5n c\u00f4ng). \u0110i\u1ec3m \u0111\u1ecbnh l\u01b0\u1ee3ng ch\u1ea5t ch\u1ed1ng c\u1eb7n v\u00e0 RO Bisulphite ph\u1ea3i c\u00e1ch nhau \u0111\u1ee7 xa \u0111\u1ec3 tr\u00e1nh tr\u1ed9n l\u1eabn s\u1ea3n ph\u1ea9m.<\/p>\n<h3><span class=\"ez-toc-section\" id=\"22_Lap_dat_va_bao_quan_cac_mang_loc_Nano_va_he_thong_Tham_thau_nguoc_Mang_loc_polyamit_TFC_CPA\"><\/span>2.2 L\u1eafp \u0111\u1eb7t v\u00e0 b\u1ea3o qu\u1ea3n c\u00e1c m\u00e0ng l\u1ecdc Nano v\u00e0 h\u1ec7 th\u1ed1ng Th\u1ea9m th\u1ea5u ng\u01b0\u1ee3c (M\u00e0ng l\u1ecdc polyamit, TFC, CPA)<span class=\"ez-toc-section-end\"><\/span><\/h3>\n<p>C\u1ea7n b\u1ea3o qu\u1ea3n m\u00e0ng l\u1ecdc khi h\u1ec7 th\u1ed1ng RO ho\u1eb7c NF ng\u1eebng s\u1ea3n xu\u1ea5t qu\u00e1 24 gi\u1edd. N\u1ebfu kh\u00f4ng l\u00e0m nh\u01b0 v\u1eady c\u00f3 th\u1ec3 t\u1ea1o \u0111i\u1ec1u ki\u1ec7n cho c\u00e1c m\u00e0ng sinh h\u1ecdc h\u00ecnh th\u00e0nh tr\u00ean b\u1ec1 m\u1eb7t m\u00e0ng, \u0111i\u1ec1u n\u00e0y s\u1ebd g\u00e2y ra s\u1ef1 c\u1ed1 v\u1eadn h\u00e0nh khi kh\u1edfi \u0111\u1ed9ng l\u1ea1i h\u1ec7 th\u1ed1ng.<\/p>\n<p>Tr\u01b0\u1edbc khi t\u1eaft m\u00e1y, RO c\u1ea7n \u0111\u01b0\u1ee3c l\u00e0m s\u1ea1ch ph\u00f9 h\u1ee3p v\u1edbi h\u01b0\u1edbng d\u1eabn v\u1eadn h\u00e0nh v\u00e0 PH\u1ea2I \u0111\u01b0\u1ee3c x\u1ea3 b\u1eb1ng h\u00f3a ch\u1ea5t ph\u00f9 h\u1ee3p. Sau khi r\u1eeda b\u1eb1ng RO Permeate, dung d\u1ecbch b\u1ea3o qu\u1ea3n c\u00f3 th\u1ec3 \u0111\u01b0\u1ee3c b\u01a1m v\u00e0o h\u1ec7 th\u1ed1ng RO.<\/p>\n<p>L\u01b0u \u00fd: Ph\u1ea3i ch\u1eafc ch\u1eafn r\u1eb1ng c\u00e1c v\u1eadt li\u1ec7u nh\u1ef1a (bao g\u1ed3m c\u1ea3 b\u00ecnh ch\u1ecbu \u00e1p l\u1ef1c) \u0111\u01b0\u1ee3c s\u1eed d\u1ee5ng trong h\u1ec7 th\u1ed1ng l\u1ecdc c\u00f3 kh\u1ea3 n\u0103ng ch\u1ed1ng Natri Bisulphite. N\u1ebfu kh\u00f4ng, c\u00e1c v\u1ebft n\u1ee9t c\u00f3 th\u1ec3 xu\u1ea5t hi\u1ec7n tr\u00ean v\u1eadt li\u1ec7u nh\u1ef1a.<\/p>\n<p>1. Chu\u1ea9n b\u1ecb dung d\u1ecbch 2.5 % RO Bisulphite<\/p>\n<p>2. \u0110\u1ed5 dung d\u1ecbch v\u00e0o to\u00e0n b\u1ed9 h\u1ec7 th\u1ed1ng c\u1ea7n b\u1ea3o qu\u1ea3n<\/p>\n<p>3. N\u00ean \u0111o pH th\u01b0\u1eddng xuy\u00ean.<\/p>\n<p>C\u1ea7n thay dung d\u1ecbch m\u1edbi khi \u0111\u1ed9 pH &lt; 3, \u0111\u1ed3ng th\u1eddi c\u0169ng c\u1ea7n thay dung d\u1ecbch m\u1edbi khi ch\u1ea5t l\u1ecfng tr\u1edf n\u00ean \u0111\u1ee5c ho\u1eb7c \u0111\u1ed5i m\u00e0u. N\u00ean ki\u1ec3m tra th\u01b0\u1eddng xuy\u00ean (h\u00e0ng tu\u1ea7n).<\/p>\n<p>RO Bisulphite ph\u00f9 h\u1ee3p v\u1edbi c\u00e1c y\u00eau c\u1ea7u c\u1ee7a Ti\u00eau Chu\u1ea9n NSF\/ANSI 60 &#8211; H\u00f3a Ch\u1ea5t X\u1eed L\u00fd N\u01b0\u1edbc U\u1ed1ng &#8211; v\u00e0 kh\u00f4ng anh H\u01b0\u1edfng \u0110\u1ebfn S\u1ee9c Kh\u1ecfe.<\/p>\n<h2><span class=\"ez-toc-section\" id=\"3_Cong_dung_chinh\"><\/span>3. C\u00f4ng d\u1ee5ng ch\u00ednh<span class=\"ez-toc-section-end\"><\/span><\/h2>\n<p>Trong qu\u00e1 tr\u00ecnh x\u1eed l\u00fd n\u01b0\u1edbc, OSMO DISINFECTANT c\u00f3 c\u00f4ng d\u1ee5ng gi\u1ea3m c\u00e1c ion kim lo\u1ea1i g\u00e2y \u00f4 nhi\u1ec5m, l\u00e0m ch\u1ea5t kh\u1eed ion trong c\u00e1c h\u1ec7 th\u1ed1ng Th\u1ea9m Th\u1ea5u Ng\u01b0\u1ee3c .<\/p>\n<p>\u1ee9ng m\u1ea1nh m\u1ebd v\u1edbi c\u00e1c s\u1ea3n ph\u1ea9m oxy h\u00f3a v\u00e0 v\u1edbi axit.<\/p>\n","protected":false},"excerpt":{"rendered":"<p>H&Oacute;A CH&#7844;T X&#7916; L&Yacute; N&#431;&#7898;C X&#7842;N XU&#7844;T &ndash; RO BISULPHITE 38-40% LIQUID 1. Kh&aacute;i ni&#7879;m RO Bisulphite 38-40% Liquid l&agrave; dung d&#7883;ch natri hydro sulphite (natri bisulphite) &#273;&#432;&#7907;c s&#7917; d&#7909;ng trong vi&#7879;c b&#7843;o qu&#7843;n m&agrave;ng l&#7885;c n&#432;&#7899;c RO v&agrave; l&agrave;m [&hellip;]<\/p>\n","protected":false},"featured_media":0,"comment_status":"open","ping_status":"closed","template":"","meta":[],"product_cat":[872],"product_tag":[],"acf":[],"_links":{"self":[{"href":"https:\/\/marico.com.vn\/en\/wp-json\/wp\/v2\/product\/20766"}],"collection":[{"href":"https:\/\/marico.com.vn\/en\/wp-json\/wp\/v2\/product"}],"about":[{"href":"https:\/\/marico.com.vn\/en\/wp-json\/wp\/v2\/types\/product"}],"replies":[{"embeddable":true,"href":"https:\/\/marico.com.vn\/en\/wp-json\/wp\/v2\/comments?post=20766"}],"version-history":[{"count":0,"href":"https:\/\/marico.com.vn\/en\/wp-json\/wp\/v2\/product\/20766\/revisions"}],"wp:attachment":[{"href":"https:\/\/marico.com.vn\/en\/wp-json\/wp\/v2\/media?parent=20766"}],"wp:term":[{"taxonomy":"product_cat","embeddable":true,"href":"https:\/\/marico.com.vn\/en\/wp-json\/wp\/v2\/product_cat?post=20766"},{"taxonomy":"product_tag","embeddable":true,"href":"https:\/\/marico.com.vn\/en\/wp-json\/wp\/v2\/product_tag?post=20766"}],"curies":[{"name":"wp","href":"https:\/\/api.w.org\/{rel}","templated":true}]}}