{"id":20777,"date":"2023-07-18T14:16:39","date_gmt":"2023-07-18T07:16:39","guid":{"rendered":"https:\/\/marico.com.vn\/condensate-control\/"},"modified":"2023-07-18T14:16:39","modified_gmt":"2023-07-18T07:16:39","slug":"condensate-control","status":"publish","type":"product","link":"https:\/\/marico.com.vn\/en\/products\/condensate-control\/","title":{"rendered":"Ch\u1ea5t ki\u1ec3m so\u00e1t \u0111\u1ed9 ng\u01b0ng t\u1ee5 n\u01b0\u1edbc n\u1ed3i h\u01a1i &#8211; CONDENSATE CONTROL"},"content":{"rendered":"<div id=\"ez-toc-container\" class=\"ez-toc-v2_0_58 counter-hierarchy ez-toc-counter ez-toc-light-blue ez-toc-container-direction\">\n<div class=\"ez-toc-title-container\">\n<p class=\"ez-toc-title \" >N\u1ed9i dung b&agrave;i vi\u1ebft<\/p>\n<span class=\"ez-toc-title-toggle\"><a href=\"#\" class=\"ez-toc-pull-right ez-toc-btn ez-toc-btn-xs ez-toc-btn-default ez-toc-toggle\" aria-label=\"Toggle Table of Content\" role=\"button\"><label for=\"item-69e5f4e594e7e\" ><span class=\"\"><span class=\"eztoc-hide\" style=\"display:none;\">Toggle<\/span><span class=\"ez-toc-icon-toggle-span\"><svg style=\"fill: #999;color:#999\" xmlns=\"http:\/\/www.w3.org\/2000\/svg\" class=\"list-377408\" width=\"20px\" height=\"20px\" viewBox=\"0 0 24 24\" fill=\"none\"><path d=\"M6 6H4v2h2V6zm14 0H8v2h12V6zM4 11h2v2H4v-2zm16 0H8v2h12v-2zM4 16h2v2H4v-2zm16 0H8v2h12v-2z\" fill=\"currentColor\"><\/path><\/svg><svg style=\"fill: #999;color:#999\" class=\"arrow-unsorted-368013\" xmlns=\"http:\/\/www.w3.org\/2000\/svg\" width=\"10px\" height=\"10px\" viewBox=\"0 0 24 24\" version=\"1.2\" baseProfile=\"tiny\"><path d=\"M18.2 9.3l-6.2-6.3-6.2 6.3c-.2.2-.3.4-.3.7s.1.5.3.7c.2.2.4.3.7.3h11c.3 0 .5-.1.7-.3.2-.2.3-.5.3-.7s-.1-.5-.3-.7zM5.8 14.7l6.2 6.3 6.2-6.3c.2-.2.3-.5.3-.7s-.1-.5-.3-.7c-.2-.2-.4-.3-.7-.3h-11c-.3 0-.5.1-.7.3-.2.2-.3.5-.3.7s.1.5.3.7z\"\/><\/svg><\/span><\/span><\/label><input aria-label=\"Toggle\" aria-label=\"item-69e5f4e594e7e\"  type=\"checkbox\" id=\"item-69e5f4e594e7e\"><\/a><\/span><\/div>\n<nav><ul class='ez-toc-list ez-toc-list-level-1 eztoc-toggle-hide-by-default' ><li class='ez-toc-page-1 ez-toc-heading-level-1'><a class=\"ez-toc-link ez-toc-heading-1\" href=\"https:\/\/marico.com.vn\/en\/products\/condensate-control\/#HOA_CHAT_XU_LY_NUOC_NOI_HOI_%E2%80%93_CONDENSATE_CONTROL\" title=\"H\u00d3A CH\u1ea4T X\u1eec L\u00dd N\u01af\u1edaC N\u1ed2I H\u01a0I \u2013 CONDENSATE CONTROL\">H\u00d3A CH\u1ea4T X\u1eec L\u00dd N\u01af\u1edaC N\u1ed2I H\u01a0I \u2013 CONDENSATE CONTROL<\/a><ul class='ez-toc-list-level-2'><li class='ez-toc-heading-level-2'><a class=\"ez-toc-link ez-toc-heading-2\" href=\"https:\/\/marico.com.vn\/en\/products\/condensate-control\/#1_Khai_niem\" title=\"1. Kh\u00e1i ni\u1ec7m\">1. Kh\u00e1i ni\u1ec7m<\/a><\/li><li class='ez-toc-page-1 ez-toc-heading-level-2'><a class=\"ez-toc-link ez-toc-heading-3\" href=\"https:\/\/marico.com.vn\/en\/products\/condensate-control\/#2_Tinh_nang\" title=\"2. T\u00ednh n\u0103ng\">2. T\u00ednh n\u0103ng<\/a><\/li><li class='ez-toc-page-1 ez-toc-heading-level-2'><a class=\"ez-toc-link ez-toc-heading-4\" href=\"https:\/\/marico.com.vn\/en\/products\/condensate-control\/#3_Huong_dan_su_dung\" title=\"3. H\u01b0\u1edbng d\u1eabn s\u1eed d\u1ee5ng\">3. H\u01b0\u1edbng d\u1eabn s\u1eed d\u1ee5ng<\/a><\/li><li class='ez-toc-page-1 ez-toc-heading-level-2'><a class=\"ez-toc-link ez-toc-heading-5\" href=\"https:\/\/marico.com.vn\/en\/products\/condensate-control\/#4_Dac_tinh_san_pham\" title=\"4. \u0110\u1eb7c t\u00ednh s\u1ea3n ph\u1ea9m\">4. \u0110\u1eb7c t\u00ednh s\u1ea3n ph\u1ea9m<\/a><\/li><li class='ez-toc-page-1 ez-toc-heading-level-2'><a class=\"ez-toc-link ez-toc-heading-6\" href=\"https:\/\/marico.com.vn\/en\/products\/condensate-control\/#5_Chu_y_an_toan\" title=\"5. Ch\u00fa \u00fd an to\u00e0n\">5. Ch\u00fa \u00fd an to\u00e0n<\/a><\/li><\/ul><\/li><\/ul><\/nav><\/div>\n<h1><span class=\"ez-toc-section\" id=\"HOA_CHAT_XU_LY_NUOC_NOI_HOI_%E2%80%93_CONDENSATE_CONTROL\"><\/span>H\u00d3A CH\u1ea4T X\u1eec L\u00dd N\u01af\u1edaC N\u1ed2I H\u01a0I \u2013 CONDENSATE CONTROL<span class=\"ez-toc-section-end\"><\/span><\/h1>\n<h2><span class=\"ez-toc-section\" id=\"1_Khai_niem\"><\/span><span id=\"1_Khai_niem\" class=\"ez-toc-section\"><\/span>1. Kh\u00e1i ni\u1ec7m<span class=\"ez-toc-section-end\"><\/span><\/h2>\n<p>CONDENSATE CONTROL l\u00e0 s\u1ea3n ph\u1ea9m d\u1ea1ng l\u1ecfng c\u00f3 ch\u1ee9a ch\u1ea5t trung h\u00f2a amin d\u1ec5 tan trong n\u01b0\u1edbc. N\u00f3 \u0111\u01b0\u1ee3c s\u1eed d\u1ee5ng \u0111\u1ec3 ph\u00f2ng ng\u1eeba ch\u1ed1ng l\u1ea1i \u0103n m\u00f2n c\u1ee7a trong h\u1ec7 th\u1ed1ng ng\u01b0ng t\u1ee5 h\u01a1i n\u01b0\u1edbc c\u1ee7a n\u1ed3i h\u01a1i \u00e1p su\u1ea5t th\u1ea5p v\u00e0 \u00e1p su\u1ea5t cao.<\/p>\n<h2><span class=\"ez-toc-section\" id=\"2_Tinh_nang\"><\/span><span id=\"2_Ung_dung\" class=\"ez-toc-section\"><\/span>2. T\u00ednh n\u0103ng<span class=\"ez-toc-section-end\"><\/span><\/h2>\n<ul>\n<li>Lo\u1ea1i b\u1ecf oxy h\u1eefu c\u01a1 v\u00e0 \u1ee9c ch\u1ebf \u0103n m\u00f2n.<\/li>\n<li>S\u1ea3n ph\u1ea9m an to\u00e0n m\u00f4i tr\u01b0\u1eddng, kh\u00f4ng \u0111\u1ed9c h\u1ea1i.<\/li>\n<li>Hi\u1ec7u qu\u1ea3 lo\u1ea1i b\u1ecf oxy<\/li>\n<li>S\u1ea3n ph\u1ea9m duy nh\u1ea5t c\u00f3 hi\u1ec7u qu\u1ea3 cao ki\u1ec3m so\u00e1t \u0103n m\u00f2n trong su\u1ed1t d\u00f2ng h\u01a1i v\u00e0 h\u1ec7 th\u1ed1ng ng\u01b0ng t\u1ee5.<\/li>\n<li>\u0110\u01a1n gi\u1ea3n v\u00e0 ki\u1ec3m tra ch\u00ednh x\u00e1c nhanh ch\u00f3ng.<\/li>\n<li>T\u1ea1o l\u1edbp b\u1ea3o v\u1ec7 hi\u1ec7u qu\u1ea3 tr\u00ean b\u1ec1 m\u1eb7t s\u1eaft, \u0111\u1ea3m b\u1ea3o b\u1ea3o v\u1ec7 t\u1ed1t cho b\u1ec1 m\u1eb7t n\u1ed3i h\u01a1i.<\/li>\n<\/ul>\n<h2><span class=\"ez-toc-section\" id=\"3_Huong_dan_su_dung\"><\/span><span id=\"3_Huong_dan_su_dung\" class=\"ez-toc-section\"><\/span>3. H\u01b0\u1edbng d\u1eabn s\u1eed d\u1ee5ng<span class=\"ez-toc-section-end\"><\/span><\/h2>\n<p>Li\u1ec1u l\u01b0\u1ee3ng s\u1eed d\u1ee5ng c\u1ee7a CONDENSATE CONTROL ph\u1ee5 thu\u1ed9c ph\u1ea7n l\u1edbn v\u00e0o l\u01b0\u1ee3ng carbon dioxide \u0111\u00e3 h\u00f2a tan v\u00e0o n\u01b0\u1edbc ng\u01b0ng. CONDENSATE CONTROL n\u00ean \u0111\u01b0\u1ee3c b\u01a1m v\u00e0o \u0111\u01b0\u1eddng ng\u01b0ng t\u1ee5 th\u01b0\u1eddng xuy\u00ean \u0111\u1ec3 duy tr\u00ec \u0111\u1ed9 pH trong kho\u1ea3ng 8,3 &#8211; 9. Li\u1ec1u l\u01b0\u1ee3ng \u1ed5n \u0111\u1ecbnh cho H\u1ec7 th\u1ed1ng 10 t\u1ea5n s\u1ebd c\u1ea7n 2,5 lt m\u1ed7i ng\u00e0y. T\u0103ng ho\u1eb7c gi\u1ea3m li\u1ec1u l\u01b0\u1ee3ng v\u1edbi 25% n\u1ebfu li\u1ec1u l\u01b0\u1ee3ng h\u00e0ng ng\u00e0y.<\/p>\n<p>CONDENSATE CONTROL c\u00f3 th\u1ec3 \u0111\u01b0\u1ee3c th\u00eam v\u00e0o n\u01b0\u1edbc c\u1ea5p. Tuy nhi\u00ean, n\u00f3 ph\u1ea3i \u0111\u01b0\u1ee3c b\u01a1m v\u00e0o \u0111\u01b0\u1eddng c\u1ea5p li\u1ec7u ch\u1ee9 kh\u00f4ng ph\u1ea3i v\u00e0o b\u1ec3 x\u1ebfp t\u1ea7ng. \u0110i\u1ec1u n\u00e0y l\u00e0 \u0111\u1ec3 \u0111\u1ea3m b\u1ea3o r\u1eb1ng s\u1ea3n ph\u1ea9m kh\u00f4ng bay h\u01a1i tr\u01b0\u1edbc khi v\u00e0o n\u1ed3i h\u01a1i.<span id=\"5_Bieu_do_lieu_luong\" class=\"ez-toc-section\"><\/span><\/p>\n<h2><span class=\"ez-toc-section\" id=\"4_Dac_tinh_san_pham\"><\/span><span id=\"6_Dac_tinh_san_pham\" class=\"ez-toc-section\"><\/span>4. \u0110\u1eb7c t\u00ednh s\u1ea3n ph\u1ea9m<span class=\"ez-toc-section-end\"><\/span><\/h2>\n<ul>\n<li>H\u00f3a ch\u1ea5t: Ch\u1ea5t l\u1ecfng trong su\u1ed1t<\/li>\n<li>T\u00cdnh \u0103n m\u00f2n: \u0103n m\u00f2n \u0111\u1ed3ng v\u00e0 c\u00e1c h\u1ee3p kim \u0111\u1ed3ng<\/li>\n<li>Tr\u1ecdng l\u01b0\u1ee3ng ri\u00eang: 1 (20\u00b0C)<\/li>\n<li>\u0110i\u1ec3m b\u1ed1c h\u01a1i: &gt;65\u00b0C<\/li>\n<li>pH: 13<\/li>\n<li>IMO Class: 8 \/ II<\/li>\n<li>UN Number: 3267<\/li>\n<li>ADR: 8.54b<\/li>\n<\/ul>\n<h2><span class=\"ez-toc-section\" id=\"5_Chu_y_an_toan\"><\/span><span id=\"6_Chu_y_an_toan\" class=\"ez-toc-section\"><\/span>5. Ch\u00fa \u00fd an to\u00e0n<span class=\"ez-toc-section-end\"><\/span><\/h2>\n<p><span lang=\"vi\">Theo c\u00e1c ch\u1ec9 th\u1ecb m\u1edbi nh\u1ea5t c\u1ee7a H\u1ed9i \u0111\u1ed3ng EEC, s\u1ea3n ph\u1ea9m n\u00e0y ph\u1ea3i c\u1ea7n \u0111\u01b0\u1ee3c ch\u00fa \u00fd t\u1edbi:<\/span><\/p>\n<ul>\n<li dir=\"ltr\" data-placeholder=\"B\u1ea3n d\u1ecbch\">R20\/21 : C\u00f3 h\u1ea1i khi h\u00edt ph\u1ea3i v\u00e0 ti\u1ebfp x\u00fac v\u1edbi da<\/li>\n<li dir=\"ltr\" data-placeholder=\"B\u1ea3n d\u1ecbch\">R34 : G\u00e2y b\u1ecfng<\/li>\n<li dir=\"ltr\" data-placeholder=\"B\u1ea3n d\u1ecbch\"><span lang=\"vi\">S2 : \u0110\u1ec3 xa t\u1ea7m tay tr\u1ebb em<\/span><\/li>\n<li dir=\"ltr\" data-placeholder=\"B\u1ea3n d\u1ecbch\"><span lang=\"vi\">S26 : Trong tr\u01b0\u1eddng h\u1ee3p ti\u1ebfp x\u00fac v\u1edbi m\u1eaft, r\u1eeda s\u1ea1ch ngay l\u1eadp t\u1ee9c b\u1eb1ng n\u01b0\u1edbc v\u00e0 t\u00ecm c\u01a1 s\u1edf y t\u1ebf g\u1ea7n nh\u1ea5t<\/span><\/li>\n<li dir=\"ltr\" data-placeholder=\"B\u1ea3n d\u1ecbch\"><span lang=\"vi\">S27 : Ngay l\u1eadp t\u1ee9c c\u1edfi b\u1ecf t\u1ea5t c\u1ea3 qu\u1ea7n \u00e1o b\u1ecb d\u00ednh nhi\u1ec5m h\u00f3a ch\u1ea5t<\/span><\/li>\n<li dir=\"ltr\" data-placeholder=\"B\u1ea3n d\u1ecbch\"><span lang=\"vi\">S36\/37\/39 : M\u1eb7c qu\u1ea7n \u00e1o b\u1ea3o h\u1ed9, g\u0103ng tay v\u00e0 m\u1eaft \/ b\u1ea3o v\u1ec7 m\u1eb7t<\/span><\/li>\n<li dir=\"ltr\" data-placeholder=\"B\u1ea3n d\u1ecbch\"><span lang=\"vi\">S45 : Trong tr\u01b0\u1eddng h\u1ee3p tai n\u1ea1n ho\u1eb7c n\u1ebfu b\u1ea1n c\u1ea3m th\u1ea5y kh\u00f4ng kh\u1ecfe, h\u00e3y t\u00ecm \u0111\u1ebfn c\u01a1 s\u1edf y t\u1ebf ngay l\u1eadp t\u1ee9c<\/span><\/li>\n<\/ul>\n","protected":false},"excerpt":{"rendered":"<p>H&Oacute;A CH&#7844;T X&#7916; L&Yacute; N&#431;&#7898;C N&#7890;I H&#416;I &ndash; CONDENSATE CONTROL 1. Kh&aacute;i ni&#7879;m CONDENSATE CONTROL l&agrave; s&#7843;n ph&#7849;m d&#7841;ng l&#7887;ng c&oacute; ch&#7913;a ch&#7845;t trung h&ograve;a amin d&#7877; tan trong n&#432;&#7899;c. N&oacute; &#273;&#432;&#7907;c s&#7917; d&#7909;ng &#273;&#7875; ph&ograve;ng ng&#7915;a ch&#7889;ng l&#7841;i &#259;n [&hellip;]<\/p>\n","protected":false},"featured_media":0,"comment_status":"open","ping_status":"closed","template":"","meta":[],"product_cat":[872],"product_tag":[],"acf":[],"_links":{"self":[{"href":"https:\/\/marico.com.vn\/en\/wp-json\/wp\/v2\/product\/20777"}],"collection":[{"href":"https:\/\/marico.com.vn\/en\/wp-json\/wp\/v2\/product"}],"about":[{"href":"https:\/\/marico.com.vn\/en\/wp-json\/wp\/v2\/types\/product"}],"replies":[{"embeddable":true,"href":"https:\/\/marico.com.vn\/en\/wp-json\/wp\/v2\/comments?post=20777"}],"version-history":[{"count":0,"href":"https:\/\/marico.com.vn\/en\/wp-json\/wp\/v2\/product\/20777\/revisions"}],"wp:attachment":[{"href":"https:\/\/marico.com.vn\/en\/wp-json\/wp\/v2\/media?parent=20777"}],"wp:term":[{"taxonomy":"product_cat","embeddable":true,"href":"https:\/\/marico.com.vn\/en\/wp-json\/wp\/v2\/product_cat?post=20777"},{"taxonomy":"product_tag","embeddable":true,"href":"https:\/\/marico.com.vn\/en\/wp-json\/wp\/v2\/product_tag?post=20777"}],"curies":[{"name":"wp","href":"https:\/\/api.w.org\/{rel}","templated":true}]}}