{"id":22325,"date":"2023-11-16T13:53:33","date_gmt":"2023-11-16T06:53:33","guid":{"rendered":"https:\/\/marico.com.vn\/mat-na-phong-khi-doc-gom-co-noi-va-day-dan-khi-cho-bo-scba-rhzk6-30-fangzhan\/"},"modified":"2026-05-15T11:20:39","modified_gmt":"2026-05-15T04:20:39","slug":"mat-na-phong-khi-doc-gom-co-noi-va-day-dan-khi-cho-bo-scba-rhzk6-30-fangzhan","status":"publish","type":"product","link":"https:\/\/marico.com.vn\/en\/products\/mat-na-phong-khi-doc-gom-co-noi-va-day-dan-khi-cho-bo-scba-rhzk6-30-fangzhan\/","title":{"rendered":"M\u1eb7t n\u1ea1 ph\u00f2ng \u0111\u1ed9c g\u1ed3m co n\u1ed1i v\u00e0 d\u00e2y d\u1eabn kh\u00ed SCBA RHZK6\/30 FANGZHAN"},"content":{"rendered":"<div id=\"ez-toc-container\" class=\"ez-toc-v2_0_58 counter-hierarchy ez-toc-counter ez-toc-light-blue ez-toc-container-direction\">\n<div class=\"ez-toc-title-container\">\n<p class=\"ez-toc-title \" >N\u1ed9i dung b&agrave;i vi\u1ebft<\/p>\n<span class=\"ez-toc-title-toggle\"><a href=\"#\" class=\"ez-toc-pull-right ez-toc-btn ez-toc-btn-xs ez-toc-btn-default ez-toc-toggle\" aria-label=\"Toggle Table of Content\" role=\"button\"><label for=\"item-6a07d4d800d15\" ><span class=\"\"><span class=\"eztoc-hide\" style=\"display:none;\">Toggle<\/span><span class=\"ez-toc-icon-toggle-span\"><svg style=\"fill: #999;color:#999\" xmlns=\"http:\/\/www.w3.org\/2000\/svg\" class=\"list-377408\" width=\"20px\" height=\"20px\" viewBox=\"0 0 24 24\" fill=\"none\"><path d=\"M6 6H4v2h2V6zm14 0H8v2h12V6zM4 11h2v2H4v-2zm16 0H8v2h12v-2zM4 16h2v2H4v-2zm16 0H8v2h12v-2z\" fill=\"currentColor\"><\/path><\/svg><svg style=\"fill: #999;color:#999\" class=\"arrow-unsorted-368013\" xmlns=\"http:\/\/www.w3.org\/2000\/svg\" width=\"10px\" height=\"10px\" viewBox=\"0 0 24 24\" version=\"1.2\" baseProfile=\"tiny\"><path d=\"M18.2 9.3l-6.2-6.3-6.2 6.3c-.2.2-.3.4-.3.7s.1.5.3.7c.2.2.4.3.7.3h11c.3 0 .5-.1.7-.3.2-.2.3-.5.3-.7s-.1-.5-.3-.7zM5.8 14.7l6.2 6.3 6.2-6.3c.2-.2.3-.5.3-.7s-.1-.5-.3-.7c-.2-.2-.4-.3-.7-.3h-11c-.3 0-.5.1-.7.3-.2.2-.3.5-.3.7s.1.5.3.7z\"\/><\/svg><\/span><\/span><\/label><input aria-label=\"Toggle\" aria-label=\"item-6a07d4d800d15\"  type=\"checkbox\" id=\"item-6a07d4d800d15\"><\/a><\/span><\/div>\n<nav><ul class='ez-toc-list ez-toc-list-level-1 eztoc-toggle-hide-by-default' ><li class='ez-toc-page-1 ez-toc-heading-level-2'><a class=\"ez-toc-link ez-toc-heading-1\" href=\"https:\/\/marico.com.vn\/en\/products\/mat-na-phong-khi-doc-gom-co-noi-va-day-dan-khi-cho-bo-scba-rhzk6-30-fangzhan\/#Day_dan_khi\" title=\"D\u00e2y d\u1eabn kh\u00ed\">D\u00e2y d\u1eabn kh\u00ed<\/a><\/li><li class='ez-toc-page-1 ez-toc-heading-level-2'><a class=\"ez-toc-link ez-toc-heading-2\" href=\"https:\/\/marico.com.vn\/en\/products\/mat-na-phong-khi-doc-gom-co-noi-va-day-dan-khi-cho-bo-scba-rhzk6-30-fangzhan\/#Mat_na_phong_khi_doc\" title=\"M\u1eb7t n\u1ea1 ph\u00f2ng kh\u00ed \u0111\u1ed9c\">M\u1eb7t n\u1ea1 ph\u00f2ng kh\u00ed \u0111\u1ed9c<\/a><\/li><\/ul><\/nav><\/div>\n<h2><span class=\"ez-toc-section\" id=\"Day_dan_khi\"><\/span>D\u00e2y d\u1eabn kh\u00ed<span class=\"ez-toc-section-end\"><\/span><\/h2>\n<p>D\u00e2y d\u1eabn kh\u00ed c\u00f3 tr\u1ecdng l\u01b0\u1ee3ng nh\u1eb9, k\u1ebft c\u1ea5u nh\u1ecf g\u1ecdn v\u00e0 \u0111\u01b0\u1ee3c l\u00e0m b\u1eb1ng v\u1eadt li\u1ec7u ch\u1ed1ng ch\u00e1y v\u00e0 va \u0111\u1eadp.<\/p>\n<p>N\u00f3 c\u00f3 th\u1ec3 k\u1ebft n\u1ed1i nhanh v\u1edbi m\u1eb7t n\u1ea1. D\u00e2y d\u1eabn kh\u00ed k\u1ebft n\u1ed1i v\u1edbi \u0111\u1ed3ng h\u1ed3 \u0111o \u00e1p su\u1ea5t th\u00f4ng qua \u0111\u01b0\u1eddng \u1ed1ng trung \u00e1p. Khi x\u1ea3y ra t\u00ecnh tr\u1ea1ng r\u1ed1i lo\u1ea1n nh\u1ecbp th\u1edf \u1edf ng\u01b0\u1eddi s\u1eed d\u1ee5ng, h\u00e3y nh\u1ea5n n\u00fat \u201c ON \u201d m\u00e0u \u0111\u1ecf v\u00e0 van c\u1ea5p kh\u00ed s\u1ebd t\u1ef1 \u0111\u1ed9ng t\u0103ng l\u01b0\u1ee3ng kh\u00ed l\u00ean 450L m\u1ed7i ph\u00fat (D\u00e2y d\u1eabn kh\u00ed s\u1ebd \u0111\u1ea1t l\u01b0\u1ee3ng kh\u00ed n\u00e0y trong v\u00f2ng m\u1ed9t ph\u1ea7n m\u01b0\u1eddi gi\u00e2y) L\u01b0\u1ee3ng kh\u00ed t\u1ed1i \u0111a: 450L\/ph\u00fat<\/p>\n<div id=\"attachment_15713\" style=\"width: 641px\" class=\"wp-caption aligncenter\"><img aria-describedby=\"caption-attachment-15713\" decoding=\"async\" loading=\"lazy\" class=\" wp-image-15713\" src=\"https:\/\/marico.com.vn\/wp-content\/uploads\/2023\/11\/Day-dan-khi-va-co-noi-cho-mat-na-SCBA-RHZK630-FANGZHAN.jpg\" alt=\"D\u00e2y d\u1eabn kh\u00ed v\u00e0 co n\u1ed1i cho m\u1eb7t n\u1ea1 SCBA RHZK630 FANGZHAN\" width=\"631\" height=\"631\" srcset=\"https:\/\/marico.com.vn\/wp-content\/uploads\/2023\/11\/Day-dan-khi-va-co-noi-cho-mat-na-SCBA-RHZK630-FANGZHAN.jpg 1200w, https:\/\/marico.com.vn\/wp-content\/uploads\/2023\/11\/Day-dan-khi-va-co-noi-cho-mat-na-SCBA-RHZK630-FANGZHAN-300x300.jpg 300w, https:\/\/marico.com.vn\/wp-content\/uploads\/2023\/11\/Day-dan-khi-va-co-noi-cho-mat-na-SCBA-RHZK630-FANGZHAN-100x100.jpg 100w, https:\/\/marico.com.vn\/wp-content\/uploads\/2023\/11\/Day-dan-khi-va-co-noi-cho-mat-na-SCBA-RHZK630-FANGZHAN-600x600.jpg 600w, https:\/\/marico.com.vn\/wp-content\/uploads\/2023\/11\/Day-dan-khi-va-co-noi-cho-mat-na-SCBA-RHZK630-FANGZHAN-1024x1024.jpg 1024w, https:\/\/marico.com.vn\/wp-content\/uploads\/2023\/11\/Day-dan-khi-va-co-noi-cho-mat-na-SCBA-RHZK630-FANGZHAN-150x150.jpg 150w, https:\/\/marico.com.vn\/wp-content\/uploads\/2023\/11\/Day-dan-khi-va-co-noi-cho-mat-na-SCBA-RHZK630-FANGZHAN-768x768.jpg 768w\" sizes=\"(max-width: 631px) 100vw, 631px\" \/><p id=\"caption-attachment-15713\" class=\"wp-caption-text\">D\u00e2y d\u1eabn kh\u00ed v\u00e0 co n\u1ed1i cho m\u1eb7t n\u1ea1 SCBA RHZK630 FANGZHAN<\/p><\/div>\n<h2><span class=\"ez-toc-section\" id=\"Mat_na_phong_khi_doc\"><\/span>M\u1eb7t n\u1ea1 ph\u00f2ng kh\u00ed \u0111\u1ed9c<span class=\"ez-toc-section-end\"><\/span><\/h2>\n<ul>\n<li>C\u00f3 th\u1ec3 \u0111i\u1ec1u ch\u1ec9nh, tho\u1ea3i m\u00e1i khi \u0111eo<\/li>\n<li>T\u1ea7m nh\u00ecn r\u1ed9ng<\/li>\n<li>\u0110\u01b0\u1ee3c k\u1ebft n\u1ed1i v\u1edbi van c\u1ea5p kh\u00ed nhanh ch\u00f3ng v\u00e0 d\u1ec5 d\u00e0ng<\/li>\n<li>Van th\u1edf ra m\u1ed9t chi\u1ec1u m\u1edbi l\u1ea1 gi\u00fap gi\u1ea3m l\u1ef1c c\u1ea3n khi th\u1edf<\/li>\n<li>C\u00f3 d\u00e2y \u0111ai th\u1eaft ch\u1eb7t v\u00e0 k\u1eb9p nhanh gi\u00fap d\u1ec5 d\u00e0ng \u0111i\u1ec1u ch\u1ec9nh \u0111\u1ec3 gi\u1ea3m h\u00e0m l\u01b0\u1ee3ng carbon dioxide<\/li>\n<li>M\u1eb7t n\u1ea1 ch\u1ed1ng s\u01b0\u01a1ng m\u00f9, kh\u00f4ng c\u1ea3n tr\u1edf t\u1ea7m nh\u00ecn<\/li>\n<\/ul>\n<p><img decoding=\"async\" loading=\"lazy\" class=\"wp-image-15710 aligncenter\" src=\"https:\/\/marico.com.vn\/wp-content\/uploads\/2023\/11\/Mat-na-phong-khi-doc-dung-trong-bo-binh-tho-EEBD-TH-15-1-FANGZHAN.jpg\" alt=\"M\u1eb7t-n\u1ea1-ph\u00f2ng-kh\u00ed-\u0111\u1ed9c-d\u00f9ng-trong-b\u1ed9-b\u00ecnh-th\u1edf-EEBD-TH-15-1-FANGZHAN\" width=\"636\" height=\"636\" srcset=\"https:\/\/marico.com.vn\/wp-content\/uploads\/2023\/11\/Mat-na-phong-khi-doc-dung-trong-bo-binh-tho-EEBD-TH-15-1-FANGZHAN.jpg 1200w, https:\/\/marico.com.vn\/wp-content\/uploads\/2023\/11\/Mat-na-phong-khi-doc-dung-trong-bo-binh-tho-EEBD-TH-15-1-FANGZHAN-300x300.jpg 300w, https:\/\/marico.com.vn\/wp-content\/uploads\/2023\/11\/Mat-na-phong-khi-doc-dung-trong-bo-binh-tho-EEBD-TH-15-1-FANGZHAN-100x100.jpg 100w, https:\/\/marico.com.vn\/wp-content\/uploads\/2023\/11\/Mat-na-phong-khi-doc-dung-trong-bo-binh-tho-EEBD-TH-15-1-FANGZHAN-600x600.jpg 600w, https:\/\/marico.com.vn\/wp-content\/uploads\/2023\/11\/Mat-na-phong-khi-doc-dung-trong-bo-binh-tho-EEBD-TH-15-1-FANGZHAN-1024x1024.jpg 1024w, https:\/\/marico.com.vn\/wp-content\/uploads\/2023\/11\/Mat-na-phong-khi-doc-dung-trong-bo-binh-tho-EEBD-TH-15-1-FANGZHAN-150x150.jpg 150w, https:\/\/marico.com.vn\/wp-content\/uploads\/2023\/11\/Mat-na-phong-khi-doc-dung-trong-bo-binh-tho-EEBD-TH-15-1-FANGZHAN-768x768.jpg 768w\" sizes=\"(max-width: 636px) 100vw, 636px\" \/><\/p>\n","protected":false},"excerpt":{"rendered":"<p>D&acirc;y d&#7851;n kh&iacute; D&acirc;y d&#7851;n kh&iacute; c&oacute; tr&#7885;ng l&#432;&#7907;ng nh&#7865;, k&#7871;t c&#7845;u nh&#7887; g&#7885;n v&agrave; &#273;&#432;&#7907;c l&agrave;m b&#7857;ng v&#7853;t li&#7879;u ch&#7889;ng ch&aacute;y v&agrave; va &#273;&#7853;p. N&oacute; c&oacute; th&#7875; k&#7871;t n&#7889;i nhanh v&#7899;i m&#7863;t n&#7841;. D&acirc;y d&#7851;n kh&iacute; k&#7871;t n&#7889;i v&#7899;i [&hellip;]<\/p>\n","protected":false},"featured_media":15720,"comment_status":"open","ping_status":"closed","template":"","meta":[],"product_cat":[1107,1108,567],"product_tag":[],"acf":[],"_links":{"self":[{"href":"https:\/\/marico.com.vn\/en\/wp-json\/wp\/v2\/product\/22325"}],"collection":[{"href":"https:\/\/marico.com.vn\/en\/wp-json\/wp\/v2\/product"}],"about":[{"href":"https:\/\/marico.com.vn\/en\/wp-json\/wp\/v2\/types\/product"}],"replies":[{"embeddable":true,"href":"https:\/\/marico.com.vn\/en\/wp-json\/wp\/v2\/comments?post=22325"}],"version-history":[{"count":2,"href":"https:\/\/marico.com.vn\/en\/wp-json\/wp\/v2\/product\/22325\/revisions"}],"predecessor-version":[{"id":22329,"href":"https:\/\/marico.com.vn\/en\/wp-json\/wp\/v2\/product\/22325\/revisions\/22329"}],"wp:featuredmedia":[{"embeddable":true,"href":"https:\/\/marico.com.vn\/en\/wp-json\/wp\/v2\/media\/15720"}],"wp:attachment":[{"href":"https:\/\/marico.com.vn\/en\/wp-json\/wp\/v2\/media?parent=22325"}],"wp:term":[{"taxonomy":"product_cat","embeddable":true,"href":"https:\/\/marico.com.vn\/en\/wp-json\/wp\/v2\/product_cat?post=22325"},{"taxonomy":"product_tag","embeddable":true,"href":"https:\/\/marico.com.vn\/en\/wp-json\/wp\/v2\/product_tag?post=22325"}],"curies":[{"name":"wp","href":"https:\/\/api.w.org\/{rel}","templated":true}]}}